{"id":10920,"date":"2023-04-11T11:56:08","date_gmt":"2023-04-11T09:56:08","guid":{"rendered":"https:\/\/dev.tech-arrow.com\/?page_id=10920"},"modified":"2023-04-11T11:58:39","modified_gmt":"2023-04-11T09:58:39","slug":"contentaccess-mailapp-version-6-1-details","status":"publish","type":"page","link":"https:\/\/dev.tech-arrow.com\/de\/contentaccess-mailapp-version-6-1-details\/","title":{"rendered":"contentACCESS MailApp Version 6.1 details"},"content":{"rendered":"<p>Eine Liste aller Versionshinweise k&ouml;nnen Sie <a href=\"https:\/\/dev.tech-arrow.com\/de\/contentaccess-mailapp-anmerkungen-zu-dieser-version\/\" rel=\"noopener noreferrer\">hier<\/a> finden.<br \/>\nDie folgende Liste bietet Ihnen eine &Uuml;bersicht &uuml;ber die neuesten Verbesserungen die Ihnen von mailApp 6.1 geboten werden:<br \/>\n<!-- --------------------------- GROUP START --------------------------- --><\/p>\n<div style=\"border: 1px solid #ddd; background-color: white; width: 94%; padding: 3%; margin-bottom: 20px;\">\n<h3 style=\"color: red; padding-top: 0px;\">Allgemein<\/h3>\n<p><!--more--><br \/>\n<strong>&check; Verf\u00fcgbar in neuen Sprachen<\/strong><\/p>\n<p style=\"text-align: justify;\">\nUm unseren Endbenutzern noch mehr Zug\u00e4nglichkeit zu bieten, haben wir 10 neue Sprachen zu mailApp hinzugef\u00fcgt. Es ist jetzt vollst\u00e4ndig verf\u00fcgbar in Englisch, Deutsch, Tschechisch, Slowakisch, Ungarisch und teilweise auf Arabisch, Chinesisch, Niederl\u00e4ndisch, Norwegisch, Polnisch und Portugiesisch. Wir verbessern kontinuierlich die Lokalisierungen, um die Bed\u00fcrfnisse jedes einzelnen Benutzers zu erf\u00fcllen.\/<\/p>\n<p><img class=\"size-medium wp-image-7969 aligncenter\" src=\"https:\/\/dev.tech-arrow.com\/wp-content\/uploads\/2023\/03\/mailapp-6-1-languages01.png\" alt=\"MailApp languages\" width=\"300\" \/><\/p>\n<p><strong>&check; Performance- und Stabilit\u00e4tsverbesserungen<\/strong><\/p>\n<p style=\"text-align: justify;\">\nDie Leistung und Stabilit\u00e4t des Systems wurden verbessert, um das mailApp-Erlebnis noch besser zu machen als zuvor.\n<\/p>\n<\/div>\n<p><!-- --------------------------- GROUP END --------------------------- --><\/p>\n<div style=\"border: 1px solid #dddddd; background-color: white; width: 94%; padding: 3%; margin-bottom: 20px;\">\n<h3 style=\"color: red; padding-top: 0px;\">Dokumentation<\/h3>\n<p style=\"text-align: left;\"><strong>&check; Dokumentation<\/strong> &#8211; Bitte beachten Sie die aktualisierte Dokumentation und die aktualisierten Handb\u00fccher.<\/p>\n<p><a href=\"https:\/\/documentation.tech-arrow.com\/contentaccess-manuals\/\" target=\"_blank\" rel=\"noopener noreferrer\"><img loading=\"lazy\" src=\"https:\/\/dev.tech-arrow.com\/wp-content\/uploads\/2016\/02\/3.png\" alt=\"3\" width=\"20\" height=\"20\" \/>&nbsp;Benutzerhandb&uuml;cher f&uuml;r contentACCESS und Client-Apps.<\/a><\/p>\n<\/div>\n","protected":false},"excerpt":{"rendered":"<p>Eine Liste aller Versionshinweise k&ouml;nnen Sie hier finden. Die folgende Liste bietet Ihnen eine &Uuml;bersicht &uuml;ber die neuesten Verbesserungen die Ihnen von mailApp 6.1 geboten werden: Allgemein<\/p>\n","protected":false},"author":4,"featured_media":0,"parent":0,"menu_order":0,"comment_status":"closed","ping_status":"closed","template":"","meta":{"inline_featured_image":false},"acf":[],"yoast_head":"<!-- This site is optimized with the Yoast SEO plugin v20.1 - https:\/\/yoast.com\/wordpress\/plugins\/seo\/ -->\n<title>contentACCESS MailApp Version 6.1 details - TECH-ARROW<\/title>\n<meta name=\"robots\" content=\"index, follow, max-snippet:-1, max-image-preview:large, max-video-preview:-1\" \/>\n<link rel=\"canonical\" href=\"https:\/\/dev.tech-arrow.com\/de\/contentaccess-mailapp-version-6-1-details\/\" \/>\n<meta property=\"og:locale\" content=\"de_DE\" \/>\n<meta property=\"og:type\" content=\"article\" \/>\n<meta property=\"og:title\" content=\"contentACCESS MailApp Version 6.1 details - TECH-ARROW\" \/>\n<meta property=\"og:description\" content=\"Eine Liste aller Versionshinweise k&ouml;nnen Sie hier finden. Die folgende Liste bietet Ihnen eine &Uuml;bersicht &uuml;ber die neuesten Verbesserungen die Ihnen von mailApp 6.1 geboten werden: Allgemein\" \/>\n<meta property=\"og:url\" content=\"https:\/\/dev.tech-arrow.com\/de\/contentaccess-mailapp-version-6-1-details\/\" \/>\n<meta property=\"og:site_name\" content=\"TECH-ARROW\" \/>\n<meta property=\"article:publisher\" content=\"https:\/\/www.facebook.com\/thetecharrow\/?fref=ts\" \/>\n<meta property=\"article:modified_time\" content=\"2023-04-11T09:58:39+00:00\" \/>\n<meta property=\"og:image\" content=\"https:\/\/dev.tech-arrow.com\/wp-content\/uploads\/2023\/03\/mailapp-6-1-languages01.png\" \/>\n<meta name=\"twitter:card\" content=\"summary_large_image\" \/>\n<script type=\"application\/ld+json\" class=\"yoast-schema-graph\">{\"@context\":\"https:\/\/schema.org\",\"@graph\":[{\"@type\":\"WebPage\",\"@id\":\"https:\/\/dev.tech-arrow.com\/de\/contentaccess-mailapp-version-6-1-details\/\",\"url\":\"https:\/\/dev.tech-arrow.com\/de\/contentaccess-mailapp-version-6-1-details\/\",\"name\":\"contentACCESS MailApp Version 6.1 details - TECH-ARROW\",\"isPartOf\":{\"@id\":\"https:\/\/dev.tech-arrow.com\/#website\"},\"datePublished\":\"2023-04-11T09:56:08+00:00\",\"dateModified\":\"2023-04-11T09:58:39+00:00\",\"breadcrumb\":{\"@id\":\"https:\/\/dev.tech-arrow.com\/de\/contentaccess-mailapp-version-6-1-details\/#breadcrumb\"},\"inLanguage\":\"de-DE\",\"potentialAction\":[{\"@type\":\"ReadAction\",\"target\":[\"https:\/\/dev.tech-arrow.com\/de\/contentaccess-mailapp-version-6-1-details\/\"]}]},{\"@type\":\"BreadcrumbList\",\"@id\":\"https:\/\/dev.tech-arrow.com\/de\/contentaccess-mailapp-version-6-1-details\/#breadcrumb\",\"itemListElement\":[{\"@type\":\"ListItem\",\"position\":1,\"name\":\"Home\",\"item\":\"https:\/\/dev.tech-arrow.com\/de\/\"},{\"@type\":\"ListItem\",\"position\":2,\"name\":\"contentACCESS MailApp Version 6.1 details\"}]},{\"@type\":\"WebSite\",\"@id\":\"https:\/\/dev.tech-arrow.com\/#website\",\"url\":\"https:\/\/dev.tech-arrow.com\/\",\"name\":\"TECH-ARROW\",\"description\":\"\",\"publisher\":{\"@id\":\"https:\/\/dev.tech-arrow.com\/#organization\"},\"potentialAction\":[{\"@type\":\"SearchAction\",\"target\":{\"@type\":\"EntryPoint\",\"urlTemplate\":\"https:\/\/dev.tech-arrow.com\/?s={search_term_string}\"},\"query-input\":\"required name=search_term_string\"}],\"inLanguage\":\"de-DE\"},{\"@type\":\"Organization\",\"@id\":\"https:\/\/dev.tech-arrow.com\/#organization\",\"name\":\"TECH-ARROW, GmbH.\",\"url\":\"https:\/\/dev.tech-arrow.com\/\",\"logo\":{\"@type\":\"ImageObject\",\"inLanguage\":\"de-DE\",\"@id\":\"https:\/\/dev.tech-arrow.com\/#\/schema\/logo\/image\/\",\"url\":\"https:\/\/dev.tech-arrow.com\/wp-content\/uploads\/2017\/04\/techarrow-logo-481x97.png\",\"contentUrl\":\"https:\/\/dev.tech-arrow.com\/wp-content\/uploads\/2017\/04\/techarrow-logo-481x97.png\",\"width\":481,\"height\":97,\"caption\":\"TECH-ARROW, GmbH.\"},\"image\":{\"@id\":\"https:\/\/dev.tech-arrow.com\/#\/schema\/logo\/image\/\"},\"sameAs\":[\"https:\/\/www.facebook.com\/thetecharrow\/?fref=ts\",\"https:\/\/www.linkedin.com\/company\/techarrow\",\"https:\/\/www.youtube.com\/user\/thetecharrow\"]}]}<\/script>\n<!-- \/ Yoast SEO plugin. -->","yoast_head_json":{"title":"contentACCESS MailApp Version 6.1 details - TECH-ARROW","robots":{"index":"index","follow":"follow","max-snippet":"max-snippet:-1","max-image-preview":"max-image-preview:large","max-video-preview":"max-video-preview:-1"},"canonical":"https:\/\/dev.tech-arrow.com\/de\/contentaccess-mailapp-version-6-1-details\/","og_locale":"de_DE","og_type":"article","og_title":"contentACCESS MailApp Version 6.1 details - TECH-ARROW","og_description":"Eine Liste aller Versionshinweise k&ouml;nnen Sie hier finden. Die folgende Liste bietet Ihnen eine &Uuml;bersicht &uuml;ber die neuesten Verbesserungen die Ihnen von mailApp 6.1 geboten werden: Allgemein","og_url":"https:\/\/dev.tech-arrow.com\/de\/contentaccess-mailapp-version-6-1-details\/","og_site_name":"TECH-ARROW","article_publisher":"https:\/\/www.facebook.com\/thetecharrow\/?fref=ts","article_modified_time":"2023-04-11T09:58:39+00:00","og_image":[{"url":"https:\/\/dev.tech-arrow.com\/wp-content\/uploads\/2023\/03\/mailapp-6-1-languages01.png"}],"twitter_card":"summary_large_image","schema":{"@context":"https:\/\/schema.org","@graph":[{"@type":"WebPage","@id":"https:\/\/dev.tech-arrow.com\/de\/contentaccess-mailapp-version-6-1-details\/","url":"https:\/\/dev.tech-arrow.com\/de\/contentaccess-mailapp-version-6-1-details\/","name":"contentACCESS MailApp Version 6.1 details - TECH-ARROW","isPartOf":{"@id":"https:\/\/dev.tech-arrow.com\/#website"},"datePublished":"2023-04-11T09:56:08+00:00","dateModified":"2023-04-11T09:58:39+00:00","breadcrumb":{"@id":"https:\/\/dev.tech-arrow.com\/de\/contentaccess-mailapp-version-6-1-details\/#breadcrumb"},"inLanguage":"de-DE","potentialAction":[{"@type":"ReadAction","target":["https:\/\/dev.tech-arrow.com\/de\/contentaccess-mailapp-version-6-1-details\/"]}]},{"@type":"BreadcrumbList","@id":"https:\/\/dev.tech-arrow.com\/de\/contentaccess-mailapp-version-6-1-details\/#breadcrumb","itemListElement":[{"@type":"ListItem","position":1,"name":"Home","item":"https:\/\/dev.tech-arrow.com\/de\/"},{"@type":"ListItem","position":2,"name":"contentACCESS MailApp Version 6.1 details"}]},{"@type":"WebSite","@id":"https:\/\/dev.tech-arrow.com\/#website","url":"https:\/\/dev.tech-arrow.com\/","name":"TECH-ARROW","description":"","publisher":{"@id":"https:\/\/dev.tech-arrow.com\/#organization"},"potentialAction":[{"@type":"SearchAction","target":{"@type":"EntryPoint","urlTemplate":"https:\/\/dev.tech-arrow.com\/?s={search_term_string}"},"query-input":"required name=search_term_string"}],"inLanguage":"de-DE"},{"@type":"Organization","@id":"https:\/\/dev.tech-arrow.com\/#organization","name":"TECH-ARROW, GmbH.","url":"https:\/\/dev.tech-arrow.com\/","logo":{"@type":"ImageObject","inLanguage":"de-DE","@id":"https:\/\/dev.tech-arrow.com\/#\/schema\/logo\/image\/","url":"https:\/\/dev.tech-arrow.com\/wp-content\/uploads\/2017\/04\/techarrow-logo-481x97.png","contentUrl":"https:\/\/dev.tech-arrow.com\/wp-content\/uploads\/2017\/04\/techarrow-logo-481x97.png","width":481,"height":97,"caption":"TECH-ARROW, GmbH."},"image":{"@id":"https:\/\/dev.tech-arrow.com\/#\/schema\/logo\/image\/"},"sameAs":["https:\/\/www.facebook.com\/thetecharrow\/?fref=ts","https:\/\/www.linkedin.com\/company\/techarrow","https:\/\/www.youtube.com\/user\/thetecharrow"]}]}},"_links":{"self":[{"href":"https:\/\/dev.tech-arrow.com\/de\/wp-json\/wp\/v2\/pages\/10920"}],"collection":[{"href":"https:\/\/dev.tech-arrow.com\/de\/wp-json\/wp\/v2\/pages"}],"about":[{"href":"https:\/\/dev.tech-arrow.com\/de\/wp-json\/wp\/v2\/types\/page"}],"author":[{"embeddable":true,"href":"https:\/\/dev.tech-arrow.com\/de\/wp-json\/wp\/v2\/users\/4"}],"replies":[{"embeddable":true,"href":"https:\/\/dev.tech-arrow.com\/de\/wp-json\/wp\/v2\/comments?post=10920"}],"version-history":[{"count":2,"href":"https:\/\/dev.tech-arrow.com\/de\/wp-json\/wp\/v2\/pages\/10920\/revisions"}],"predecessor-version":[{"id":10990,"href":"https:\/\/dev.tech-arrow.com\/de\/wp-json\/wp\/v2\/pages\/10920\/revisions\/10990"}],"wp:attachment":[{"href":"https:\/\/dev.tech-arrow.com\/de\/wp-json\/wp\/v2\/media?parent=10920"}],"curies":[{"name":"wp","href":"https:\/\/api.w.org\/{rel}","templated":true}]}}