{"id":11414,"date":"2023-08-02T14:23:04","date_gmt":"2023-08-02T12:23:04","guid":{"rendered":"https:\/\/dev.tech-arrow.com\/?page_id=11414"},"modified":"2023-09-28T16:28:28","modified_gmt":"2023-09-28T14:28:28","slug":"storage-optimizer-anmerkungen-zu-dieser-version","status":"publish","type":"page","link":"https:\/\/dev.tech-arrow.com\/de\/storage-optimizer-anmerkungen-zu-dieser-version\/","title":{"rendered":"Storage Optimizer Anmerkungen zu dieser Version"},"content":{"rendered":"<p><!-- 1.1 RELEASE NOTES --><\/p>\n<div style=\"background-color: white; padding: 15px; width: 95%; margin-bottom: 25px; border: 1px solid #ddd;\">\n    <a name=\"1_1\"><\/a><\/p>\n<h2 style=\"color: red; font-weight: bold;\">Storage Optimizer Version 1.1<\/h2>\n<p>\n        (28. September 2023)\n    <\/p>\n<h2 style=\"padding-top:30px;\">Application<\/h2>\n<table>\n<tbody>\n<tr style=\"border-bottom: 1px solid #dddddd;\">\n<td style=\"vertical-align: center; width:97px; text-align:justify; padding: 20px 0 20px 0;\"><img class=\"alignleft size-thumbnail wp-image-1443\" src=\"https:\/\/dev.tech-arrow.com\/wp-content\/uploads\/2020\/06\/VERBESSERUNG.png\" alt=\"VERBESSERUNG\" width=\"95%\" \/><\/td>\n<td style=\"vertical-align: center; text-align:justify; padding: 20px 0 20px 0;\"><strong><\/strong>Webseiten werden nach einer \u00c4nderung der Konteneinstellungen als analysiert markiert<\/td>\n<\/tr>\n<tr style=\"border-bottom: 1px solid #dddddd;\">\n<td style=\"vertical-align: center; width:97px; text-align:justify; padding: 20px 0 20px 0;\"><img class=\"alignleft size-thumbnail wp-image-1443\" src=\"https:\/\/dev.tech-arrow.com\/wp-content\/uploads\/2020\/06\/VERBESSERUNG.png\" alt=\"VERBESSERUNG\" width=\"95%\" \/><\/td>\n<td style=\"vertical-align: center; text-align:justify; padding: 20px 0 20px 0;\"><strong><\/strong>Das Abrufen von Webseiten-Sammlungen bei der Aktualisierung ist fehlgeschlagen<\/td>\n<\/tr>\n<tr style=\"border-bottom: 1px solid #dddddd;\">\n<td style=\"vertical-align: center; width:97px; text-align:justify; padding: 20px 0 20px 0;\"><img class=\"alignleft size-thumbnail wp-image-1443\" src=\"https:\/\/dev.tech-arrow.com\/wp-content\/uploads\/2020\/06\/VERBESSERUNG.png\" alt=\"VERBESSERUNG\" width=\"95%\" \/><\/td>\n<td style=\"vertical-align: center; text-align:justify; padding: 20px 0 20px 0;\"><strong><\/strong>Die Aktualisierung (Datenabruf) dauert zu lang<\/td>\n<\/tr>\n<tr style=\"border-bottom: 1px solid #dddddd;\">\n<td style=\"vertical-align: center; width:97px; text-align:justify; padding: 20px 0 20px 0;\"><img class=\"alignleft size-thumbnail wp-image-1443\" src=\"https:\/\/dev.tech-arrow.com\/wp-content\/uploads\/2020\/06\/VERBESSERUNG.png\" alt=\"VERBESSERUNG\" width=\"95%\" \/><\/td>\n<td style=\"vertical-align: center; text-align:justify; padding: 20px 0 20px 0;\"><strong><\/strong>Fehlende Berechtigung f\u00fcr die registrierte Azure-Anwendung<\/td>\n<\/tr>\n<\/tbody>\n<\/table>\n<p>\n<\/div>\n<p><!-- 1.0 RELEASE NOTES --><\/p>\n<div style=\"background-color: white; padding: 15px; width: 95%; margin-bottom: 25px; border: 1px solid #ddd;\">\n    <a name=\"1_0\"><\/a><\/p>\n<h2 style=\"color: red; font-weight: bold;\">Storage Optimizer Version 1.0<\/h2>\n<p>\n        (7. August 2023) <br \/>\n        Klicken Sie <a href=\"https:\/\/dev.tech-arrow.com\/de\/storage-optimizer-version-1-0-details\/\">hier<\/a> f\u00fcr eine detaillierte Version der Versionshinweise.\n    <\/p>\n<h2 style=\"padding-top:30px;\">Anwendung<\/h2>\n<table>\n<tbody>\n<tr style=\"border-bottom: 1px solid #dddddd;\">\n<td style=\"vertical-align: center; width:97px; text-align:justify; padding: 20px 0 20px 0;\"><img class=\"alignleft size-thumbnail wp-image-1443\" src=\"https:\/\/dev.tech-arrow.com\/wp-content\/uploads\/2020\/06\/NEU.png\" alt=\"NEU\" width=\"95%\" \/><\/td>\n<td style=\"vertical-align: center; text-align:justify; padding: 20px 0 20px 0;\"><strong>Moderne Authentifizierung<\/strong> &minus; gew\u00e4hrleistet das h\u00f6chste Sicherheitsniveau<\/td>\n<\/tr>\n<tr style=\"border-bottom: 1px solid #dddddd;\">\n<td style=\"vertical-align: center; width:97px; text-align:justify; padding: 20px 0 20px 0;\"><img class=\"alignleft size-thumbnail wp-image-1443\" src=\"https:\/\/dev.tech-arrow.com\/wp-content\/uploads\/2020\/06\/NEU.png\" alt=\"NEU\" width=\"95%\" \/><\/td>\n<td style=\"vertical-align: center; text-align:justify; padding: 20px 0 20px 0;\"><strong>Automatische Entra ID-App-Registrierung<\/strong> &minus; alles unter Ihrer Kontrolle<\/td>\n<\/tr>\n<tr style=\"border-bottom: 1px solid #dddddd;\">\n<td style=\"vertical-align: center; width:97px; text-align:justify; padding: 20px 0 20px 0;\"><img class=\"alignleft size-thumbnail wp-image-1443\" src=\"https:\/\/dev.tech-arrow.com\/wp-content\/uploads\/2020\/06\/NEU.png\" alt=\"NEU\" width=\"95%\" \/><\/td>\n<td style=\"vertical-align: center; text-align:justify; padding: 20px 0 20px 0;\"><strong>SharePoint-Site-Kategorisierung<\/strong> &minus; konzentrieren Sie sich auf die gew\u00fcnschten Daten<\/td>\n<\/tr>\n<tr style=\"border-bottom: 1px solid #dddddd;\">\n<td style=\"vertical-align: center; width:97px; text-align:justify; padding: 20px 0 20px 0;\"><img class=\"alignleft size-thumbnail wp-image-1443\" src=\"https:\/\/dev.tech-arrow.com\/wp-content\/uploads\/2020\/06\/NEU.png\" alt=\"NEU\" width=\"95%\" \/><\/td>\n<td style=\"vertical-align: center; text-align:justify; padding: 20px 0 20px 0;\"><strong>Feinabstimmung der Seitenauswahl<\/strong> &minus; konzentrieren Sie sich auf die relevanten Websites<\/td>\n<\/tr>\n<tr style=\"border-bottom: 1px solid #dddddd;\">\n<td style=\"vertical-align: center; width:97px; text-align:justify; padding: 20px 0 20px 0;\"><img class=\"alignleft size-thumbnail wp-image-1443\" src=\"https:\/\/dev.tech-arrow.com\/wp-content\/uploads\/2020\/06\/NEU.png\" alt=\"NEU\" width=\"95%\" \/><\/td>\n<td style=\"vertical-align: center; text-align:justify; padding: 20px 0 20px 0;\"><strong>Dashboard<\/strong> &minus; \u00dcberblick auf h\u00f6chster Ebene und Vorschl\u00e4ge zur Kostenersparnis<\/td>\n<\/tr>\n<tr style=\"border-bottom: 1px solid #dddddd;\">\n<td style=\"vertical-align: center; width:97px; text-align:justify; padding: 20px 0 20px 0;\"><img class=\"alignleft size-thumbnail wp-image-1443\" src=\"https:\/\/dev.tech-arrow.com\/wp-content\/uploads\/2020\/06\/NEU.png\" alt=\"NEU\" width=\"95%\" \/><\/td>\n<td style=\"vertical-align: center; text-align:justify; padding: 20px 0 20px 0;\"><strong>Automatischer Updater<\/strong> &minus; Sie verpassen nie neue Funktionen und Verbesserungen<\/td>\n<\/tr>\n<\/tbody>\n<\/table>\n<p><\/p>\n<h2 style=\"padding-top:30px;\">Installationsprogramm<\/h2>\n<table>\n<tbody>\n<tr style=\"border-bottom: 1px solid #dddddd;\">\n<td style=\"vertical-align: center; width:97px; text-align:justify; padding: 20px 0 20px 0;\"><img class=\"alignleft size-thumbnail wp-image-1443\" src=\"https:\/\/dev.tech-arrow.com\/wp-content\/uploads\/2020\/06\/NEU.png\" alt=\"NEU\" width=\"95%\" \/><\/td>\n<td style=\"vertical-align: center; text-align:justify; padding: 20px 0 20px 0;\"><strong>Installationsprogramm<\/strong> &minus; modernes und minimalistisches Aussehen, um den Einsatz zu erleichtern<\/td>\n<\/tr>\n<\/tbody>\n<\/table>\n<p>\n<\/div>\n","protected":false},"excerpt":{"rendered":"<p>Storage Optimizer Version 1.1 (28. September 2023) Application Webseiten werden nach einer \u00c4nderung der Konteneinstellungen als analysiert markiert Das Abrufen von Webseiten-Sammlungen bei der Aktualisierung ist fehlgeschlagen Die Aktualisierung (Datenabruf) dauert zu lang Fehlende Berechtigung f\u00fcr die registrierte Azure-Anwendung Storage Optimizer Version 1.0 (7. August 2023) Klicken Sie hier f\u00fcr eine detaillierte Version der Versionshinweise. [&hellip;]<\/p>\n","protected":false},"author":4,"featured_media":0,"parent":0,"menu_order":0,"comment_status":"closed","ping_status":"closed","template":"","meta":{"inline_featured_image":false},"acf":[],"yoast_head":"<!-- This site is optimized with the Yoast SEO plugin v20.1 - https:\/\/yoast.com\/wordpress\/plugins\/seo\/ -->\n<title>Storage Optimizer Anmerkungen zu dieser Version - TECH-ARROW<\/title>\n<meta name=\"description\" content=\"Besuchen Sie unsere Seite f\u00fcr eine detaillierte Version der Versionshinweise. Die neuesten Informationen zu contentACCESS Mobile Version.\" \/>\n<meta name=\"robots\" content=\"index, follow, max-snippet:-1, max-image-preview:large, max-video-preview:-1\" \/>\n<link rel=\"canonical\" href=\"https:\/\/dev.tech-arrow.com\/de\/storage-optimizer-anmerkungen-zu-dieser-version\/\" \/>\n<meta property=\"og:locale\" content=\"de_DE\" \/>\n<meta property=\"og:type\" content=\"article\" \/>\n<meta property=\"og:title\" content=\"Storage Optimizer Anmerkungen zu dieser Version - TECH-ARROW\" \/>\n<meta property=\"og:description\" content=\"Besuchen Sie unsere Seite f\u00fcr eine detaillierte Version der Versionshinweise. Die neuesten Informationen zu contentACCESS Mobile Version.\" \/>\n<meta property=\"og:url\" content=\"https:\/\/dev.tech-arrow.com\/de\/storage-optimizer-anmerkungen-zu-dieser-version\/\" \/>\n<meta property=\"og:site_name\" content=\"TECH-ARROW\" \/>\n<meta property=\"article:publisher\" content=\"https:\/\/www.facebook.com\/thetecharrow\/?fref=ts\" \/>\n<meta property=\"article:modified_time\" content=\"2023-09-28T14:28:28+00:00\" \/>\n<meta property=\"og:image\" content=\"https:\/\/dev.tech-arrow.com\/wp-content\/uploads\/2020\/06\/VERBESSERUNG.png\" \/>\n<meta name=\"twitter:card\" content=\"summary_large_image\" \/>\n<script type=\"application\/ld+json\" class=\"yoast-schema-graph\">{\"@context\":\"https:\/\/schema.org\",\"@graph\":[{\"@type\":\"WebPage\",\"@id\":\"https:\/\/dev.tech-arrow.com\/de\/storage-optimizer-anmerkungen-zu-dieser-version\/\",\"url\":\"https:\/\/dev.tech-arrow.com\/de\/storage-optimizer-anmerkungen-zu-dieser-version\/\",\"name\":\"Storage Optimizer Anmerkungen zu dieser Version - TECH-ARROW\",\"isPartOf\":{\"@id\":\"https:\/\/dev.tech-arrow.com\/#website\"},\"datePublished\":\"2023-08-02T12:23:04+00:00\",\"dateModified\":\"2023-09-28T14:28:28+00:00\",\"description\":\"Besuchen Sie unsere Seite f\u00fcr eine detaillierte Version der Versionshinweise. Die neuesten Informationen zu contentACCESS Mobile Version.\",\"breadcrumb\":{\"@id\":\"https:\/\/dev.tech-arrow.com\/de\/storage-optimizer-anmerkungen-zu-dieser-version\/#breadcrumb\"},\"inLanguage\":\"de-DE\",\"potentialAction\":[{\"@type\":\"ReadAction\",\"target\":[\"https:\/\/dev.tech-arrow.com\/de\/storage-optimizer-anmerkungen-zu-dieser-version\/\"]}]},{\"@type\":\"BreadcrumbList\",\"@id\":\"https:\/\/dev.tech-arrow.com\/de\/storage-optimizer-anmerkungen-zu-dieser-version\/#breadcrumb\",\"itemListElement\":[{\"@type\":\"ListItem\",\"position\":1,\"name\":\"Home\",\"item\":\"https:\/\/dev.tech-arrow.com\/de\/\"},{\"@type\":\"ListItem\",\"position\":2,\"name\":\"Storage Optimizer Anmerkungen zu dieser Version\"}]},{\"@type\":\"WebSite\",\"@id\":\"https:\/\/dev.tech-arrow.com\/#website\",\"url\":\"https:\/\/dev.tech-arrow.com\/\",\"name\":\"TECH-ARROW\",\"description\":\"\",\"publisher\":{\"@id\":\"https:\/\/dev.tech-arrow.com\/#organization\"},\"potentialAction\":[{\"@type\":\"SearchAction\",\"target\":{\"@type\":\"EntryPoint\",\"urlTemplate\":\"https:\/\/dev.tech-arrow.com\/?s={search_term_string}\"},\"query-input\":\"required name=search_term_string\"}],\"inLanguage\":\"de-DE\"},{\"@type\":\"Organization\",\"@id\":\"https:\/\/dev.tech-arrow.com\/#organization\",\"name\":\"TECH-ARROW, GmbH.\",\"url\":\"https:\/\/dev.tech-arrow.com\/\",\"logo\":{\"@type\":\"ImageObject\",\"inLanguage\":\"de-DE\",\"@id\":\"https:\/\/dev.tech-arrow.com\/#\/schema\/logo\/image\/\",\"url\":\"https:\/\/dev.tech-arrow.com\/wp-content\/uploads\/2017\/04\/techarrow-logo-481x97.png\",\"contentUrl\":\"https:\/\/dev.tech-arrow.com\/wp-content\/uploads\/2017\/04\/techarrow-logo-481x97.png\",\"width\":481,\"height\":97,\"caption\":\"TECH-ARROW, GmbH.\"},\"image\":{\"@id\":\"https:\/\/dev.tech-arrow.com\/#\/schema\/logo\/image\/\"},\"sameAs\":[\"https:\/\/www.facebook.com\/thetecharrow\/?fref=ts\",\"https:\/\/www.linkedin.com\/company\/techarrow\",\"https:\/\/www.youtube.com\/user\/thetecharrow\"]}]}<\/script>\n<!-- \/ Yoast SEO plugin. -->","yoast_head_json":{"title":"Storage Optimizer Anmerkungen zu dieser Version - TECH-ARROW","description":"Besuchen Sie unsere Seite f\u00fcr eine detaillierte Version der Versionshinweise. Die neuesten Informationen zu contentACCESS Mobile Version.","robots":{"index":"index","follow":"follow","max-snippet":"max-snippet:-1","max-image-preview":"max-image-preview:large","max-video-preview":"max-video-preview:-1"},"canonical":"https:\/\/dev.tech-arrow.com\/de\/storage-optimizer-anmerkungen-zu-dieser-version\/","og_locale":"de_DE","og_type":"article","og_title":"Storage Optimizer Anmerkungen zu dieser Version - TECH-ARROW","og_description":"Besuchen Sie unsere Seite f\u00fcr eine detaillierte Version der Versionshinweise. Die neuesten Informationen zu contentACCESS Mobile Version.","og_url":"https:\/\/dev.tech-arrow.com\/de\/storage-optimizer-anmerkungen-zu-dieser-version\/","og_site_name":"TECH-ARROW","article_publisher":"https:\/\/www.facebook.com\/thetecharrow\/?fref=ts","article_modified_time":"2023-09-28T14:28:28+00:00","og_image":[{"url":"https:\/\/dev.tech-arrow.com\/wp-content\/uploads\/2020\/06\/VERBESSERUNG.png"}],"twitter_card":"summary_large_image","schema":{"@context":"https:\/\/schema.org","@graph":[{"@type":"WebPage","@id":"https:\/\/dev.tech-arrow.com\/de\/storage-optimizer-anmerkungen-zu-dieser-version\/","url":"https:\/\/dev.tech-arrow.com\/de\/storage-optimizer-anmerkungen-zu-dieser-version\/","name":"Storage Optimizer Anmerkungen zu dieser Version - TECH-ARROW","isPartOf":{"@id":"https:\/\/dev.tech-arrow.com\/#website"},"datePublished":"2023-08-02T12:23:04+00:00","dateModified":"2023-09-28T14:28:28+00:00","description":"Besuchen Sie unsere Seite f\u00fcr eine detaillierte Version der Versionshinweise. Die neuesten Informationen zu contentACCESS Mobile Version.","breadcrumb":{"@id":"https:\/\/dev.tech-arrow.com\/de\/storage-optimizer-anmerkungen-zu-dieser-version\/#breadcrumb"},"inLanguage":"de-DE","potentialAction":[{"@type":"ReadAction","target":["https:\/\/dev.tech-arrow.com\/de\/storage-optimizer-anmerkungen-zu-dieser-version\/"]}]},{"@type":"BreadcrumbList","@id":"https:\/\/dev.tech-arrow.com\/de\/storage-optimizer-anmerkungen-zu-dieser-version\/#breadcrumb","itemListElement":[{"@type":"ListItem","position":1,"name":"Home","item":"https:\/\/dev.tech-arrow.com\/de\/"},{"@type":"ListItem","position":2,"name":"Storage Optimizer Anmerkungen zu dieser Version"}]},{"@type":"WebSite","@id":"https:\/\/dev.tech-arrow.com\/#website","url":"https:\/\/dev.tech-arrow.com\/","name":"TECH-ARROW","description":"","publisher":{"@id":"https:\/\/dev.tech-arrow.com\/#organization"},"potentialAction":[{"@type":"SearchAction","target":{"@type":"EntryPoint","urlTemplate":"https:\/\/dev.tech-arrow.com\/?s={search_term_string}"},"query-input":"required name=search_term_string"}],"inLanguage":"de-DE"},{"@type":"Organization","@id":"https:\/\/dev.tech-arrow.com\/#organization","name":"TECH-ARROW, GmbH.","url":"https:\/\/dev.tech-arrow.com\/","logo":{"@type":"ImageObject","inLanguage":"de-DE","@id":"https:\/\/dev.tech-arrow.com\/#\/schema\/logo\/image\/","url":"https:\/\/dev.tech-arrow.com\/wp-content\/uploads\/2017\/04\/techarrow-logo-481x97.png","contentUrl":"https:\/\/dev.tech-arrow.com\/wp-content\/uploads\/2017\/04\/techarrow-logo-481x97.png","width":481,"height":97,"caption":"TECH-ARROW, GmbH."},"image":{"@id":"https:\/\/dev.tech-arrow.com\/#\/schema\/logo\/image\/"},"sameAs":["https:\/\/www.facebook.com\/thetecharrow\/?fref=ts","https:\/\/www.linkedin.com\/company\/techarrow","https:\/\/www.youtube.com\/user\/thetecharrow"]}]}},"_links":{"self":[{"href":"https:\/\/dev.tech-arrow.com\/de\/wp-json\/wp\/v2\/pages\/11414"}],"collection":[{"href":"https:\/\/dev.tech-arrow.com\/de\/wp-json\/wp\/v2\/pages"}],"about":[{"href":"https:\/\/dev.tech-arrow.com\/de\/wp-json\/wp\/v2\/types\/page"}],"author":[{"embeddable":true,"href":"https:\/\/dev.tech-arrow.com\/de\/wp-json\/wp\/v2\/users\/4"}],"replies":[{"embeddable":true,"href":"https:\/\/dev.tech-arrow.com\/de\/wp-json\/wp\/v2\/comments?post=11414"}],"version-history":[{"count":5,"href":"https:\/\/dev.tech-arrow.com\/de\/wp-json\/wp\/v2\/pages\/11414\/revisions"}],"predecessor-version":[{"id":11692,"href":"https:\/\/dev.tech-arrow.com\/de\/wp-json\/wp\/v2\/pages\/11414\/revisions\/11692"}],"wp:attachment":[{"href":"https:\/\/dev.tech-arrow.com\/de\/wp-json\/wp\/v2\/media?parent=11414"}],"curies":[{"name":"wp","href":"https:\/\/api.w.org\/{rel}","templated":true}]}}