{"id":11751,"date":"2023-10-20T15:58:51","date_gmt":"2023-10-20T13:58:51","guid":{"rendered":"https:\/\/dev.tech-arrow.com\/?page_id=11751"},"modified":"2023-10-20T15:58:51","modified_gmt":"2023-10-20T13:58:51","slug":"contentaccess-mailapp-version-6-3-details","status":"publish","type":"page","link":"https:\/\/dev.tech-arrow.com\/de\/contentaccess-mailapp-version-6-3-details\/","title":{"rendered":"contentACCESS MailApp Version 6.3 details"},"content":{"rendered":"<p>Eine Liste aller Versionshinweise k&ouml;nnen Sie <a href=\"https:\/\/dev.tech-arrow.com\/de\/contentaccess-mailapp-anmerkungen-zu-dieser-version\/\" rel=\"noopener noreferrer\">hier<\/a> finden.<br \/>\nDie folgende Liste bietet Ihnen eine &Uuml;bersicht &uuml;ber die neuesten Verbesserungen die Ihnen von mailApp 6.3 geboten werden:<br \/>\n<!-- --------------------------- GROUP START --------------------------- --><\/p>\n<div style=\"border: 1px solid #ddd; background-color: white; width: 94%; padding: 3%; margin-bottom: 20px;\">\n<h3 style=\"color: red; padding-top: 0px;\">Common<\/h3>\n<p><!--more--><br \/>\n<strong>&check; Unterst\u00fctzung f\u00fcr Outlook auf Mobilger\u00e4ten<\/strong><\/p>\n<p style=\"text-align: justify;\">\nErm\u00f6glichen Sie den nahtlosen Zugriff auf Ihren digitalen Tresor, w\u00e4hrend Sie unterwegs sind! Erleben Sie eine verbesserte Zug\u00e4nglichkeit mit mailApp, jetzt auch Ihr mobiler Begleiter in Outlook for Mobile, der den sofortigen und einfachen Abruf Ihrer E-Mails und Daten aus dem contentACCESS Archiv gew\u00e4hrleistet. Sie k\u00f6nnen nicht nur m\u00fchelos suchen und browsen, sondern auch wichtige Informationen abrufen und weitergeben, so dass Sie Ihre Daten jederzeit zur Hand haben. Kein Warten mehr, keine Bindung an den Schreibtisch &#8211; Ihr Archiv reist mit Ihnen, sichert Ihre Daten und steigert Ihre mobile Produktivit\u00e4t!<\/p>\n<p><img class=\"size-medium wp-image-7969 aligncenter\" src=\"https:\/\/dev.tech-arrow.com\/wp-content\/uploads\/2023\/10\/mailapp-6-3-mobilesupport01.png\" alt=\"MailApp Mobile support\" width=\"300\" \/><\/p>\n<p><strong>&check; Pin-Einheiten<\/strong><\/p>\n<p style=\"text-align: justify;\">\nJonglieren Sie mit mehreren Postf\u00e4chern, SharePoint-Sites oder Teams? Steigern Sie Ihre Effizienz mit der Pin-Funktion in der Entit\u00e4tsauswahl! Stellen Sie sicher, dass Ihre am h\u00e4ufigsten genutzten Elemente immer nur einen Klick entfernt sind, damit Sie schnell und m\u00fchelos durch Ihre t\u00e4glichen digitalen Interaktionen navigieren k\u00f6nnen.<\/p>\n<p><img class=\"size-medium wp-image-7969 aligncenter\" src=\"https:\/\/dev.tech-arrow.com\/wp-content\/uploads\/2023\/10\/mailapp-6-3-pinentitiest01.png\" alt=\"Pin entities\" width=\"300\" \/><\/p>\n<p><strong>&check; Standardaktion bei aktiver E-Mail<\/strong><\/p>\n<p style=\"text-align: justify;\">\nMit unserer verbesserten Flugtaste haben Sie ein optimiertes Erlebnis! Auf der Seite mit der aktiven E-Mail k\u00f6nnen Sie jetzt mit unserer optimierten Standardaktion sofort auf Ihre urspr\u00fcngliche E-Mail zugreifen. So m\u00fcssen Sie nicht mehr extra klicken und k\u00f6nnen schnell und m\u00fchelos navigieren.<\/p>\n<p><img class=\"size-medium wp-image-7969 aligncenter\" src=\"https:\/\/dev.tech-arrow.com\/wp-content\/uploads\/2023\/10\/mailapp-6-3-defaultaction01.png\" alt=\"Default action on active email\" width=\"300\" \/><\/p>\n<p><strong>&check; Integration der Dokumentenvorschau<\/strong><\/p>\n<p style=\"text-align: justify;\">\nErleben Sie mehr Komfort mit der vertieften Integration von mailApp in unsere contentACCESS Dokumentenvorschau! Jeder E-Mail-Anhang \u00f6ffnet sich jetzt nahtlos in unserer Vorschaukomponente, so dass Sie ihn m\u00fchelos betrachten k\u00f6nnen, ohne nach kompatiblen Anwendungen suchen zu m\u00fcssen &#8211; besonders wichtig beim Zugriff \u00fcber Mobiltelefone! Machen Sie sich keine Gedanken mehr \u00fcber Dateitypen oder Anwendungskompatibilit\u00e4t. Wir haben Ihr Erlebnis gestrafft, um der Einfachheit und Zug\u00e4nglichkeit den Vorrang zu geben, egal wo Sie sind.\n<\/p>\n<p><strong>&check; Leistungs- und Stabilit\u00e4tsverbesserungen<\/strong><\/p>\n<p style=\"text-align: justify;\">\nEs wurden Verbesserungen vorgenommen, um das System schneller und stabiler zu machen, so dass Ihr mailApp Erlebnis jetzt noch besser ist als zuvor.\n<\/p>\n<\/div>\n<p><!-- --------------------------- GROUP END --------------------------- --><\/p>\n<div style=\"border: 1px solid #dddddd; background-color: white; width: 94%; padding: 3%; margin-bottom: 20px;\">\n<h3 style=\"color: red; padding-top: 0px;\">Dokumentation<\/h3>\n<p style=\"text-align: left;\"><strong>&check; Dokumentation<\/strong> &#8211; Bitte beachten Sie die aktualisierte Dokumentation und die aktualisierten Handb\u00fccher.<\/p>\n<p><a href=\"https:\/\/documentation.tech-arrow.com\/contentaccess-manuals\/\" target=\"_blank\" rel=\"noopener noreferrer\"><img loading=\"lazy\" src=\"https:\/\/dev.tech-arrow.com\/wp-content\/uploads\/2016\/02\/3.png\" alt=\"3\" width=\"20\" height=\"20\" \/>&nbsp;Benutzerhandb&uuml;cher f&uuml;r contentACCESS und Client-Apps.<\/a><\/p>\n<\/div>\n","protected":false},"excerpt":{"rendered":"<p>Eine Liste aller Versionshinweise k&ouml;nnen Sie hier finden. Die folgende Liste bietet Ihnen eine &Uuml;bersicht &uuml;ber die neuesten Verbesserungen die Ihnen von mailApp 6.3 geboten werden: Common<\/p>\n","protected":false},"author":4,"featured_media":0,"parent":0,"menu_order":0,"comment_status":"closed","ping_status":"closed","template":"","meta":{"inline_featured_image":false},"acf":[],"yoast_head":"<!-- This site is optimized with the Yoast SEO plugin v20.1 - https:\/\/yoast.com\/wordpress\/plugins\/seo\/ -->\n<title>contentACCESS MailApp Version 6.3 details - TECH-ARROW<\/title>\n<meta name=\"description\" content=\"contentACCESS mailApp 6.3, Outlook on Mobile-Unterst\u00fctzung, Dokumentvorschau-Integration, Entit\u00e4ts-Pin, Standardaktion bei aktiver E-Mail\" \/>\n<meta name=\"robots\" content=\"index, follow, max-snippet:-1, max-image-preview:large, max-video-preview:-1\" \/>\n<link rel=\"canonical\" href=\"https:\/\/dev.tech-arrow.com\/de\/contentaccess-mailapp-version-6-3-details\/\" \/>\n<meta property=\"og:locale\" content=\"de_DE\" \/>\n<meta property=\"og:type\" content=\"article\" \/>\n<meta property=\"og:title\" content=\"contentACCESS MailApp Version 6.3 details - TECH-ARROW\" \/>\n<meta property=\"og:description\" content=\"contentACCESS mailApp 6.3, Outlook on Mobile-Unterst\u00fctzung, Dokumentvorschau-Integration, Entit\u00e4ts-Pin, Standardaktion bei aktiver E-Mail\" \/>\n<meta property=\"og:url\" content=\"https:\/\/dev.tech-arrow.com\/de\/contentaccess-mailapp-version-6-3-details\/\" \/>\n<meta property=\"og:site_name\" content=\"TECH-ARROW\" \/>\n<meta property=\"article:publisher\" content=\"https:\/\/www.facebook.com\/thetecharrow\/?fref=ts\" \/>\n<meta property=\"og:image\" content=\"https:\/\/dev.tech-arrow.com\/wp-content\/uploads\/2023\/10\/mailapp-6-3-mobilesupport01.png\" \/>\n<meta name=\"twitter:card\" content=\"summary_large_image\" \/>\n<script type=\"application\/ld+json\" class=\"yoast-schema-graph\">{\"@context\":\"https:\/\/schema.org\",\"@graph\":[{\"@type\":\"WebPage\",\"@id\":\"https:\/\/dev.tech-arrow.com\/de\/contentaccess-mailapp-version-6-3-details\/\",\"url\":\"https:\/\/dev.tech-arrow.com\/de\/contentaccess-mailapp-version-6-3-details\/\",\"name\":\"contentACCESS MailApp Version 6.3 details - TECH-ARROW\",\"isPartOf\":{\"@id\":\"https:\/\/dev.tech-arrow.com\/#website\"},\"datePublished\":\"2023-10-20T13:58:51+00:00\",\"dateModified\":\"2023-10-20T13:58:51+00:00\",\"description\":\"contentACCESS mailApp 6.3, Outlook on Mobile-Unterst\u00fctzung, Dokumentvorschau-Integration, Entit\u00e4ts-Pin, Standardaktion bei aktiver E-Mail\",\"breadcrumb\":{\"@id\":\"https:\/\/dev.tech-arrow.com\/de\/contentaccess-mailapp-version-6-3-details\/#breadcrumb\"},\"inLanguage\":\"de-DE\",\"potentialAction\":[{\"@type\":\"ReadAction\",\"target\":[\"https:\/\/dev.tech-arrow.com\/de\/contentaccess-mailapp-version-6-3-details\/\"]}]},{\"@type\":\"BreadcrumbList\",\"@id\":\"https:\/\/dev.tech-arrow.com\/de\/contentaccess-mailapp-version-6-3-details\/#breadcrumb\",\"itemListElement\":[{\"@type\":\"ListItem\",\"position\":1,\"name\":\"Home\",\"item\":\"https:\/\/dev.tech-arrow.com\/de\/\"},{\"@type\":\"ListItem\",\"position\":2,\"name\":\"contentACCESS MailApp Version 6.3 details\"}]},{\"@type\":\"WebSite\",\"@id\":\"https:\/\/dev.tech-arrow.com\/#website\",\"url\":\"https:\/\/dev.tech-arrow.com\/\",\"name\":\"TECH-ARROW\",\"description\":\"\",\"publisher\":{\"@id\":\"https:\/\/dev.tech-arrow.com\/#organization\"},\"potentialAction\":[{\"@type\":\"SearchAction\",\"target\":{\"@type\":\"EntryPoint\",\"urlTemplate\":\"https:\/\/dev.tech-arrow.com\/?s={search_term_string}\"},\"query-input\":\"required name=search_term_string\"}],\"inLanguage\":\"de-DE\"},{\"@type\":\"Organization\",\"@id\":\"https:\/\/dev.tech-arrow.com\/#organization\",\"name\":\"TECH-ARROW, GmbH.\",\"url\":\"https:\/\/dev.tech-arrow.com\/\",\"logo\":{\"@type\":\"ImageObject\",\"inLanguage\":\"de-DE\",\"@id\":\"https:\/\/dev.tech-arrow.com\/#\/schema\/logo\/image\/\",\"url\":\"https:\/\/dev.tech-arrow.com\/wp-content\/uploads\/2017\/04\/techarrow-logo-481x97.png\",\"contentUrl\":\"https:\/\/dev.tech-arrow.com\/wp-content\/uploads\/2017\/04\/techarrow-logo-481x97.png\",\"width\":481,\"height\":97,\"caption\":\"TECH-ARROW, GmbH.\"},\"image\":{\"@id\":\"https:\/\/dev.tech-arrow.com\/#\/schema\/logo\/image\/\"},\"sameAs\":[\"https:\/\/www.facebook.com\/thetecharrow\/?fref=ts\",\"https:\/\/www.linkedin.com\/company\/techarrow\",\"https:\/\/www.youtube.com\/user\/thetecharrow\"]}]}<\/script>\n<!-- \/ Yoast SEO plugin. -->","yoast_head_json":{"title":"contentACCESS MailApp Version 6.3 details - TECH-ARROW","description":"contentACCESS mailApp 6.3, Outlook on Mobile-Unterst\u00fctzung, Dokumentvorschau-Integration, Entit\u00e4ts-Pin, Standardaktion bei aktiver E-Mail","robots":{"index":"index","follow":"follow","max-snippet":"max-snippet:-1","max-image-preview":"max-image-preview:large","max-video-preview":"max-video-preview:-1"},"canonical":"https:\/\/dev.tech-arrow.com\/de\/contentaccess-mailapp-version-6-3-details\/","og_locale":"de_DE","og_type":"article","og_title":"contentACCESS MailApp Version 6.3 details - TECH-ARROW","og_description":"contentACCESS mailApp 6.3, Outlook on Mobile-Unterst\u00fctzung, Dokumentvorschau-Integration, Entit\u00e4ts-Pin, Standardaktion bei aktiver E-Mail","og_url":"https:\/\/dev.tech-arrow.com\/de\/contentaccess-mailapp-version-6-3-details\/","og_site_name":"TECH-ARROW","article_publisher":"https:\/\/www.facebook.com\/thetecharrow\/?fref=ts","og_image":[{"url":"https:\/\/dev.tech-arrow.com\/wp-content\/uploads\/2023\/10\/mailapp-6-3-mobilesupport01.png"}],"twitter_card":"summary_large_image","schema":{"@context":"https:\/\/schema.org","@graph":[{"@type":"WebPage","@id":"https:\/\/dev.tech-arrow.com\/de\/contentaccess-mailapp-version-6-3-details\/","url":"https:\/\/dev.tech-arrow.com\/de\/contentaccess-mailapp-version-6-3-details\/","name":"contentACCESS MailApp Version 6.3 details - TECH-ARROW","isPartOf":{"@id":"https:\/\/dev.tech-arrow.com\/#website"},"datePublished":"2023-10-20T13:58:51+00:00","dateModified":"2023-10-20T13:58:51+00:00","description":"contentACCESS mailApp 6.3, Outlook on Mobile-Unterst\u00fctzung, Dokumentvorschau-Integration, Entit\u00e4ts-Pin, Standardaktion bei aktiver E-Mail","breadcrumb":{"@id":"https:\/\/dev.tech-arrow.com\/de\/contentaccess-mailapp-version-6-3-details\/#breadcrumb"},"inLanguage":"de-DE","potentialAction":[{"@type":"ReadAction","target":["https:\/\/dev.tech-arrow.com\/de\/contentaccess-mailapp-version-6-3-details\/"]}]},{"@type":"BreadcrumbList","@id":"https:\/\/dev.tech-arrow.com\/de\/contentaccess-mailapp-version-6-3-details\/#breadcrumb","itemListElement":[{"@type":"ListItem","position":1,"name":"Home","item":"https:\/\/dev.tech-arrow.com\/de\/"},{"@type":"ListItem","position":2,"name":"contentACCESS MailApp Version 6.3 details"}]},{"@type":"WebSite","@id":"https:\/\/dev.tech-arrow.com\/#website","url":"https:\/\/dev.tech-arrow.com\/","name":"TECH-ARROW","description":"","publisher":{"@id":"https:\/\/dev.tech-arrow.com\/#organization"},"potentialAction":[{"@type":"SearchAction","target":{"@type":"EntryPoint","urlTemplate":"https:\/\/dev.tech-arrow.com\/?s={search_term_string}"},"query-input":"required name=search_term_string"}],"inLanguage":"de-DE"},{"@type":"Organization","@id":"https:\/\/dev.tech-arrow.com\/#organization","name":"TECH-ARROW, GmbH.","url":"https:\/\/dev.tech-arrow.com\/","logo":{"@type":"ImageObject","inLanguage":"de-DE","@id":"https:\/\/dev.tech-arrow.com\/#\/schema\/logo\/image\/","url":"https:\/\/dev.tech-arrow.com\/wp-content\/uploads\/2017\/04\/techarrow-logo-481x97.png","contentUrl":"https:\/\/dev.tech-arrow.com\/wp-content\/uploads\/2017\/04\/techarrow-logo-481x97.png","width":481,"height":97,"caption":"TECH-ARROW, GmbH."},"image":{"@id":"https:\/\/dev.tech-arrow.com\/#\/schema\/logo\/image\/"},"sameAs":["https:\/\/www.facebook.com\/thetecharrow\/?fref=ts","https:\/\/www.linkedin.com\/company\/techarrow","https:\/\/www.youtube.com\/user\/thetecharrow"]}]}},"_links":{"self":[{"href":"https:\/\/dev.tech-arrow.com\/de\/wp-json\/wp\/v2\/pages\/11751"}],"collection":[{"href":"https:\/\/dev.tech-arrow.com\/de\/wp-json\/wp\/v2\/pages"}],"about":[{"href":"https:\/\/dev.tech-arrow.com\/de\/wp-json\/wp\/v2\/types\/page"}],"author":[{"embeddable":true,"href":"https:\/\/dev.tech-arrow.com\/de\/wp-json\/wp\/v2\/users\/4"}],"replies":[{"embeddable":true,"href":"https:\/\/dev.tech-arrow.com\/de\/wp-json\/wp\/v2\/comments?post=11751"}],"version-history":[{"count":1,"href":"https:\/\/dev.tech-arrow.com\/de\/wp-json\/wp\/v2\/pages\/11751\/revisions"}],"predecessor-version":[{"id":11754,"href":"https:\/\/dev.tech-arrow.com\/de\/wp-json\/wp\/v2\/pages\/11751\/revisions\/11754"}],"wp:attachment":[{"href":"https:\/\/dev.tech-arrow.com\/de\/wp-json\/wp\/v2\/media?parent=11751"}],"curies":[{"name":"wp","href":"https:\/\/api.w.org\/{rel}","templated":true}]}}