{"id":11791,"date":"2023-10-27T15:38:54","date_gmt":"2023-10-27T13:38:54","guid":{"rendered":"https:\/\/dev.tech-arrow.com\/?page_id=11791"},"modified":"2023-10-27T15:42:34","modified_gmt":"2023-10-27T13:42:34","slug":"contentaccess-version-6-3-details","status":"publish","type":"page","link":"https:\/\/dev.tech-arrow.com\/de\/contentaccess-version-6-3-details\/","title":{"rendered":"contentACCESS Version 6.3 details"},"content":{"rendered":"<p>Eine Liste aller Versionshinweise k&ouml;nnen Sie <a href=\"https:\/\/dev.tech-arrow.com\/de\/contentaccess-anmerkungen-zu-dieser-version\/\" rel=\"noopener noreferrer\">hier<\/a> finden.<br \/>\nDie folgende Liste bietet Ihnen eine &Uuml;bersicht &uuml;ber die neuesten Verbesserungen die Ihnen von contentACCESS 6.3 geboten werden:<br \/>\n<!-- --------------------------- GROUP START --------------------------- --><\/p>\n<div style=\"border: 1px solid #ddd; background-color: white; width: 94%; padding: 3%; margin-bottom: 20px;\">\n<h3 style=\"color: red; padding-top: 0px;\">File-Archiv<\/h3>\n<p><!--more--><br \/>\n<strong>&check; Archivierung von Azure-Dateifreigaben<\/strong><\/p>\n<p style=\"text-align: justify;\">\nDie Funktionen zur Dateiarchivierung wurden erweitert und unterst\u00fctzen nun auch Azure-Dateifreigaben. Das bedeutet, dass Administratoren jetzt nahtlos Dateien direkt von der Azure Cloud-Speicherplattform archivieren k\u00f6nnen, was die Flexibilit\u00e4t und Integration verbessert.<\/p>\n<p><img class=\"size-medium wp-image-7969 aligncenter\" src=\"https:\/\/dev.tech-arrow.com\/wp-content\/uploads\/2023\/10\/ca6-3-ca-azure-share-archiving01.png\" alt=\"Azure file share archiving\" width=\"300\" \/><\/p>\n<\/div>\n<p><!-- --------------------------- GROUP END --------------------------- --><br \/>\n<!-- --------------------------- GROUP START --------------------------- --><\/p>\n<div style=\"border: 1px solid #ddd; background-color: white; width: 94%; padding: 3%; margin-bottom: 20px;\">\n<h3 style=\"color: red; padding-top: 0px;\">Allgemein<\/h3>\n<p><!--more--><br \/>\n<strong>&check; Video- und Audio-Vorschau<\/strong><\/p>\n<p style=\"text-align: justify;\">\nVorbei sind die Zeiten, in denen Sie Mediendateien abrufen oder herunterladen mussten, nur um deren Inhalt zu sehen oder zu h\u00f6ren. Mit dieser neuen Verbesserung k\u00f6nnen Benutzer m\u00fchelos eine Vorschau von Audio- und Videodateien direkt aus dem Archiv anzeigen. Unsere optimierte Streaming-Technologie sorgt daf\u00fcr, dass Sie unabh\u00e4ngig von der Dateigr\u00f6\u00dfe nur minimale Pufferzeiten und Verz\u00f6gerungen erleben. Dies ist eine bequeme M\u00f6glichkeit, einen schnellen Schnappschuss zu erhalten oder den gesamten Inhalt zu \u00fcberpr\u00fcfen, ohne auf externe Medienplayer angewiesen zu sein. Die Unterst\u00fctzung einer breiten Palette g\u00e4ngiger Audio- und Videodateiformate sorgt daf\u00fcr, dass Sie sowohl Kompatibilit\u00e4t als auch Komfort nahtlos erleben.<\/p>\n<p><img class=\"size-medium wp-image-7969 aligncenter\" src=\"https:\/\/dev.tech-arrow.com\/wp-content\/uploads\/2023\/10\/ca6-3-ca-video-preview01.png\" alt=\"Video-Vorschau\" width=\"1920\" \/><\/p>\n<p><strong>&check; Plattform-Update f\u00fcr Web-Vorschau<\/strong><\/p>\n<p style=\"text-align: justify;\">\nDie Web-Vorschau in contentACCESS hat ein bedeutendes Plattform-Update erfahren und wurde auf .NET 6 umgestellt. Als Ergebnis k\u00f6nnen die Benutzer ein schnelleres und stabileres Browsing-Erlebnis erwarten. Diese komplette \u00dcberarbeitung zielt darauf ab, die Leistung und Zuverl\u00e4ssigkeit zu verbessern.\n<\/p>\n<p><strong>&check; Verbesserte Erfahrung beim Starten und Beenden eines Auftrags<\/strong><\/p>\n<p style=\"text-align: justify;\">\nDie Mechanismen zum Starten und Stoppen von Auftr\u00e4gen in contentACCESS wurden verbessert und bieten nun ein deutlicheres Status-Feedback, insbesondere in Umgebungen mit mehreren Knoten. Die Benutzer haben jetzt einen genaueren \u00dcberblick \u00fcber den Auftragsstatus, was zu einem reibungsloseren Arbeitsablauf f\u00fchrt.\n<\/p>\n<p><strong>&check; mailApp update<\/strong><\/p>\n<p style=\"text-align: justify;\">\nDie neueste contentACCESS 6.3 Version wird mit mailApp 6.3 geb\u00fcndelt. Dieses integrierte Paket gew\u00e4hrleistet nahtlose Funktionalit\u00e4t und erweiterte Funktionen. Detaillierte Einblicke in die Aktualisierungen und Verbesserungen in mailApp 6.3 finden Sie in den mailApp Release Notes.\n<\/p>\n<p><strong>&check; Leistungs- und Stabilit\u00e4tsverbesserungen<\/strong><\/p>\n<p style=\"text-align: justify;\">\nEs wurden Verbesserungen vorgenommen, um das System schneller und stabiler zu machen, so dass Ihr contentACCESS Erlebnis jetzt noch besser ist als zuvor.\n<\/p>\n<\/div>\n<p><!-- --------------------------- GROUP END --------------------------- --><br \/>\n<!-- --------------------------- GROUP START --------------------------- --><\/p>\n<div style=\"border: 1px solid #ddd; background-color: white; width: 94%; padding: 3%; margin-bottom: 20px;\">\n<h3 style=\"color: red; padding-top: 0px;\">Update von \u00e4lteren Versionen<\/h3>\n<p><!--more--><\/p>\n<p style=\"text-align: justify;\"><strong>&check; Pfad aktualisieren:<\/strong> Das Update wird von contentACCESS Version 3.1 und h\u00f6her unterst\u00fctzt. \u00c4ltere Versionen m\u00fcssen zun\u00e4chst auf contentACCESS 3.1 aktualisiert werden und k\u00f6nnen danach auf die neueste Version aktualisiert werden.<\/p>\n<p style=\"text-align: justify;\">Wenn das Update f\u00fcr eine fr\u00fchere Version als 3.3 durchgef\u00fchrt wurde, m\u00fcssen nach dem Update einige der neuen Funktionen manuell konfiguriert werden.<\/p>\n<p style=\"text-align: justify;\">Eine dieser Funktionen ist der Task-Runner, der einen Ressourcenspeicher ben\u00f6tigt, in dem die Exportdateien gespeichert werden. Dieser Speicher muss unter System -> System -> Ressourcenspeichereinstellungen konfiguriert werden. Auf diesen Speicher m\u00fcssen alle contentACCESS-Knoten innerhalb eines Clusters zugreifen k\u00f6nnen. Es wird daher dringend empfohlen, eine Netzwerkfreigabe zu verwenden.<\/p>\n<p style=\"text-align: justify;\"><strong>&check; TLS 1.1 und \u00e4lter ist deaktiviert:<\/strong> In contentACCESS 6.1 und h\u00f6her sind die TLS-Versionen \u00e4lter als 1.2 aus Sicherheitsgr\u00fcnden deaktiviert<\/p>\n<p style=\"text-align: justify;\"><strong>&check; Die moderne Authentifizierung f\u00fcr das E-Mail-Archiv erfordert mehr Berechtigungen:<\/strong> Wir sind von der veralteten Remote PowerShell zu einer REST-basierten Verwaltungs-API \u00fcbergegangen, die einige weitere Berechtigungen f\u00fcr die konfigurierte Azure AD-Anwendung erfordert<\/p>\n<p style=\"text-align: justify;\"><strong>&check; Search V2 erfordert .NET Core:<\/strong> In 6.0 haben wir die n\u00e4chste Version der Suche eingef\u00fchrt. Die neuen Suchkomponenten zielen auf .NET Core 6 ab, das bei der Einrichtung des Such-Servers automatisch installiert wird.<\/p>\n<p style=\"text-align: justify;\"><strong>&check; Teams und Teams Chat Job-Filter m\u00fcssen angepasst werden:<\/strong> In 5.4 haben wir die Filterm\u00f6glichkeiten in allen Teams und Teams Chat-Auftr\u00e4gen vollst\u00e4ndig \u00fcberarbeitet. Ihre bestehenden Einstellungen f\u00fcr Teams und Teams Chat Jobs m\u00fcssen nach dem Update von 5.3 und fr\u00fcher \u00fcberpr\u00fcft und angepasst werden.<\/p>\n<p style=\"text-align: justify;\"><strong>&check; Anwendungspool-Identit\u00e4ten ge\u00e4ndert:<\/strong> Um die Sicherheit zu erh\u00f6hen, verwenden alle Anwendungspools von contentACCESS die isolierte IIS App Pool Identity. Dies erfordert einen Wechsel zum serverseitigen Rendering in contentACCESS Portal f\u00fcr das E-Mail-Archiv.<\/p>\n<p style=\"text-align: justify;\"><strong>&check; .NET Framework Unterst\u00fctzung:<\/strong> Ab der Version 5.0 wurdedie minimal erforderliche .NET-Version f\u00fcr alle Anwendungen von 4.5.2 auf 4.8 erh\u00f6ht.<\/p>\n<p style=\"text-align: justify;\"><strong>&check; Aktivierung der Mail-App:<\/strong> Infolge der Umgestaltung der Aktivierungsmethode der Mail-App in contentACCESS Email Archive wurden neue Berechtigungen eingef\u00fchrt: &#8222;Org Marketplace Apps&#8220; und &#8222;Benutzeroptionen&#8220;, werden ben\u00f6tigt, damit der Superuser korrekt funktioniert.<\/p>\n<p style=\"text-align: justify;\"><strong>&check; Outlook Formulare:<\/strong> Wenn das Update von einer fr\u00fcheren Version als 3.4 durchgef\u00fchrt wurde, m\u00fcssen die Outlook-Formulare aufgrund einiger interner \u00c4nderungen im Format der E-Mail-Archivverkn\u00fcpfung auf die neueste Version aktualisiert werden, um die korrekte Funktionalit\u00e4t zu erhalten. F\u00fcr contentACCESS 3.8 m\u00fcssen die Outlook-Formulare aufgrund der \u00c4nderungen bei der Authentifizierung ebenfalls neu ver\u00f6ffentlicht werden.<\/p>\n<p style=\"text-align: justify;\"><strong>&check; Fernarchivierung von Dateien:<\/strong> Bei einem Update von contentACCESS 3.6 werden bestehende Remote-Agent-Definitionen nicht mehr funktionieren, da einige der Datenbankstrukturen von der Dateisystem-Archivdatenbank in die Tenant-Datenbank verschoben wurden.<\/p>\n<p style=\"text-align: justify;\"><strong>&check; SQL Server Unterst\u00fctzung:<\/strong> Die minimal erforderliche SQL-Version wurde von MS SQL 2008 auf MS SQL 2012 erh\u00f6ht.<\/p>\n<p style=\"text-align: justify;\"><strong>&check; Umgestaltete Filterung:<\/strong> Die alte Filterung wurde in ein neues Format umgewandelt. Daher empfehlen wir Ihnen, nach dem Update von 3.7 oder fr\u00fcher alle Ihre Einstellungen f\u00fcr die Auftragsfilterung zu \u00fcberpr\u00fcfen.<\/p>\n<\/div>\n<p><!-- --------------------------- GROUP END --------------------------- --><\/p>\n<div style=\"border: 1px solid #dddddd; background-color: white; width: 94%; padding: 3%; margin-bottom: 20px;\">\n<h3 style=\"color: red; padding-top: 0px;\">Dokumentation<\/h3>\n<p style=\"text-align: left;\"><strong>&check; Dokumentation<\/strong> &#8211; Bitte beachten Sie die aktualisierte Dokumentation und die aktualisierten Handb\u00fccher.<\/p>\n<p><a href=\"https:\/\/documentation.tech-arrow.com\/contentaccess-manuals\/\" target=\"_blank\" rel=\"noopener noreferrer\"><img loading=\"lazy\" src=\"https:\/\/dev.tech-arrow.com\/wp-content\/uploads\/2016\/02\/3.png\" alt=\"3\" width=\"20\" height=\"20\" \/>&nbsp;Benutzerhandb&uuml;cher f&uuml;r contentACCESS und Client-Apps.<\/a><\/p>\n<p><a href=\"https:\/\/documentation.tech-arrow.com\/officegate\/\" target=\"_blank\" rel=\"noopener noreferrer\"><img loading=\"lazy\" src=\"https:\/\/dev.tech-arrow.com\/wp-content\/uploads\/2016\/02\/3.png\" alt=\"3\" width=\"20\" height=\"20\" \/>&nbsp;Benutzerhandbuch f&uuml;r officeGATE<\/a><\/p>\n<p><a href=\"https:\/\/documentation.tech-arrow.com\/tech-arrows-winshortcutter\/\" target=\"_blank\" rel=\"noopener noreferrer\"><img loading=\"lazy\" src=\"https:\/\/dev.tech-arrow.com\/wp-content\/uploads\/2016\/02\/3.png\" alt=\"3\" width=\"20\" height=\"20\" \/>&nbsp;Benutzerhandbuch f&uuml;r WinShortcutter<\/a><\/p>\n<\/div>\n","protected":false},"excerpt":{"rendered":"<p>Eine Liste aller Versionshinweise k&ouml;nnen Sie hier finden. Die folgende Liste bietet Ihnen eine &Uuml;bersicht &uuml;ber die neuesten Verbesserungen die Ihnen von contentACCESS 6.3 geboten werden: File-Archiv<\/p>\n","protected":false},"author":4,"featured_media":0,"parent":0,"menu_order":0,"comment_status":"closed","ping_status":"closed","template":"","meta":{"inline_featured_image":false},"acf":[],"yoast_head":"<!-- This site is optimized with the Yoast SEO plugin v20.1 - https:\/\/yoast.com\/wordpress\/plugins\/seo\/ -->\n<title>contentACCESS Version 6.3 details - TECH-ARROW<\/title>\n<meta name=\"robots\" content=\"index, follow, max-snippet:-1, max-image-preview:large, max-video-preview:-1\" \/>\n<link rel=\"canonical\" href=\"https:\/\/dev.tech-arrow.com\/de\/contentaccess-version-6-3-details\/\" \/>\n<meta property=\"og:locale\" content=\"de_DE\" \/>\n<meta property=\"og:type\" content=\"article\" \/>\n<meta property=\"og:title\" content=\"contentACCESS Version 6.3 details - TECH-ARROW\" \/>\n<meta property=\"og:description\" content=\"Eine Liste aller Versionshinweise k&ouml;nnen Sie hier finden. Die folgende Liste bietet Ihnen eine &Uuml;bersicht &uuml;ber die neuesten Verbesserungen die Ihnen von contentACCESS 6.3 geboten werden: File-Archiv\" \/>\n<meta property=\"og:url\" content=\"https:\/\/dev.tech-arrow.com\/de\/contentaccess-version-6-3-details\/\" \/>\n<meta property=\"og:site_name\" content=\"TECH-ARROW\" \/>\n<meta property=\"article:publisher\" content=\"https:\/\/www.facebook.com\/thetecharrow\/?fref=ts\" \/>\n<meta property=\"article:modified_time\" content=\"2023-10-27T13:42:34+00:00\" \/>\n<meta property=\"og:image\" content=\"https:\/\/dev.tech-arrow.com\/wp-content\/uploads\/2023\/10\/ca6-3-ca-azure-share-archiving01.png\" \/>\n<meta name=\"twitter:card\" content=\"summary_large_image\" \/>\n<script type=\"application\/ld+json\" class=\"yoast-schema-graph\">{\"@context\":\"https:\/\/schema.org\",\"@graph\":[{\"@type\":\"WebPage\",\"@id\":\"https:\/\/dev.tech-arrow.com\/de\/contentaccess-version-6-3-details\/\",\"url\":\"https:\/\/dev.tech-arrow.com\/de\/contentaccess-version-6-3-details\/\",\"name\":\"contentACCESS Version 6.3 details - TECH-ARROW\",\"isPartOf\":{\"@id\":\"https:\/\/dev.tech-arrow.com\/#website\"},\"datePublished\":\"2023-10-27T13:38:54+00:00\",\"dateModified\":\"2023-10-27T13:42:34+00:00\",\"breadcrumb\":{\"@id\":\"https:\/\/dev.tech-arrow.com\/de\/contentaccess-version-6-3-details\/#breadcrumb\"},\"inLanguage\":\"de-DE\",\"potentialAction\":[{\"@type\":\"ReadAction\",\"target\":[\"https:\/\/dev.tech-arrow.com\/de\/contentaccess-version-6-3-details\/\"]}]},{\"@type\":\"BreadcrumbList\",\"@id\":\"https:\/\/dev.tech-arrow.com\/de\/contentaccess-version-6-3-details\/#breadcrumb\",\"itemListElement\":[{\"@type\":\"ListItem\",\"position\":1,\"name\":\"Home\",\"item\":\"https:\/\/dev.tech-arrow.com\/de\/\"},{\"@type\":\"ListItem\",\"position\":2,\"name\":\"contentACCESS Version 6.3 details\"}]},{\"@type\":\"WebSite\",\"@id\":\"https:\/\/dev.tech-arrow.com\/#website\",\"url\":\"https:\/\/dev.tech-arrow.com\/\",\"name\":\"TECH-ARROW\",\"description\":\"\",\"publisher\":{\"@id\":\"https:\/\/dev.tech-arrow.com\/#organization\"},\"potentialAction\":[{\"@type\":\"SearchAction\",\"target\":{\"@type\":\"EntryPoint\",\"urlTemplate\":\"https:\/\/dev.tech-arrow.com\/?s={search_term_string}\"},\"query-input\":\"required name=search_term_string\"}],\"inLanguage\":\"de-DE\"},{\"@type\":\"Organization\",\"@id\":\"https:\/\/dev.tech-arrow.com\/#organization\",\"name\":\"TECH-ARROW, GmbH.\",\"url\":\"https:\/\/dev.tech-arrow.com\/\",\"logo\":{\"@type\":\"ImageObject\",\"inLanguage\":\"de-DE\",\"@id\":\"https:\/\/dev.tech-arrow.com\/#\/schema\/logo\/image\/\",\"url\":\"https:\/\/dev.tech-arrow.com\/wp-content\/uploads\/2017\/04\/techarrow-logo-481x97.png\",\"contentUrl\":\"https:\/\/dev.tech-arrow.com\/wp-content\/uploads\/2017\/04\/techarrow-logo-481x97.png\",\"width\":481,\"height\":97,\"caption\":\"TECH-ARROW, GmbH.\"},\"image\":{\"@id\":\"https:\/\/dev.tech-arrow.com\/#\/schema\/logo\/image\/\"},\"sameAs\":[\"https:\/\/www.facebook.com\/thetecharrow\/?fref=ts\",\"https:\/\/www.linkedin.com\/company\/techarrow\",\"https:\/\/www.youtube.com\/user\/thetecharrow\"]}]}<\/script>\n<!-- \/ Yoast SEO plugin. -->","yoast_head_json":{"title":"contentACCESS Version 6.3 details - TECH-ARROW","robots":{"index":"index","follow":"follow","max-snippet":"max-snippet:-1","max-image-preview":"max-image-preview:large","max-video-preview":"max-video-preview:-1"},"canonical":"https:\/\/dev.tech-arrow.com\/de\/contentaccess-version-6-3-details\/","og_locale":"de_DE","og_type":"article","og_title":"contentACCESS Version 6.3 details - TECH-ARROW","og_description":"Eine Liste aller Versionshinweise k&ouml;nnen Sie hier finden. Die folgende Liste bietet Ihnen eine &Uuml;bersicht &uuml;ber die neuesten Verbesserungen die Ihnen von contentACCESS 6.3 geboten werden: File-Archiv","og_url":"https:\/\/dev.tech-arrow.com\/de\/contentaccess-version-6-3-details\/","og_site_name":"TECH-ARROW","article_publisher":"https:\/\/www.facebook.com\/thetecharrow\/?fref=ts","article_modified_time":"2023-10-27T13:42:34+00:00","og_image":[{"url":"https:\/\/dev.tech-arrow.com\/wp-content\/uploads\/2023\/10\/ca6-3-ca-azure-share-archiving01.png"}],"twitter_card":"summary_large_image","schema":{"@context":"https:\/\/schema.org","@graph":[{"@type":"WebPage","@id":"https:\/\/dev.tech-arrow.com\/de\/contentaccess-version-6-3-details\/","url":"https:\/\/dev.tech-arrow.com\/de\/contentaccess-version-6-3-details\/","name":"contentACCESS Version 6.3 details - TECH-ARROW","isPartOf":{"@id":"https:\/\/dev.tech-arrow.com\/#website"},"datePublished":"2023-10-27T13:38:54+00:00","dateModified":"2023-10-27T13:42:34+00:00","breadcrumb":{"@id":"https:\/\/dev.tech-arrow.com\/de\/contentaccess-version-6-3-details\/#breadcrumb"},"inLanguage":"de-DE","potentialAction":[{"@type":"ReadAction","target":["https:\/\/dev.tech-arrow.com\/de\/contentaccess-version-6-3-details\/"]}]},{"@type":"BreadcrumbList","@id":"https:\/\/dev.tech-arrow.com\/de\/contentaccess-version-6-3-details\/#breadcrumb","itemListElement":[{"@type":"ListItem","position":1,"name":"Home","item":"https:\/\/dev.tech-arrow.com\/de\/"},{"@type":"ListItem","position":2,"name":"contentACCESS Version 6.3 details"}]},{"@type":"WebSite","@id":"https:\/\/dev.tech-arrow.com\/#website","url":"https:\/\/dev.tech-arrow.com\/","name":"TECH-ARROW","description":"","publisher":{"@id":"https:\/\/dev.tech-arrow.com\/#organization"},"potentialAction":[{"@type":"SearchAction","target":{"@type":"EntryPoint","urlTemplate":"https:\/\/dev.tech-arrow.com\/?s={search_term_string}"},"query-input":"required name=search_term_string"}],"inLanguage":"de-DE"},{"@type":"Organization","@id":"https:\/\/dev.tech-arrow.com\/#organization","name":"TECH-ARROW, GmbH.","url":"https:\/\/dev.tech-arrow.com\/","logo":{"@type":"ImageObject","inLanguage":"de-DE","@id":"https:\/\/dev.tech-arrow.com\/#\/schema\/logo\/image\/","url":"https:\/\/dev.tech-arrow.com\/wp-content\/uploads\/2017\/04\/techarrow-logo-481x97.png","contentUrl":"https:\/\/dev.tech-arrow.com\/wp-content\/uploads\/2017\/04\/techarrow-logo-481x97.png","width":481,"height":97,"caption":"TECH-ARROW, GmbH."},"image":{"@id":"https:\/\/dev.tech-arrow.com\/#\/schema\/logo\/image\/"},"sameAs":["https:\/\/www.facebook.com\/thetecharrow\/?fref=ts","https:\/\/www.linkedin.com\/company\/techarrow","https:\/\/www.youtube.com\/user\/thetecharrow"]}]}},"_links":{"self":[{"href":"https:\/\/dev.tech-arrow.com\/de\/wp-json\/wp\/v2\/pages\/11791"}],"collection":[{"href":"https:\/\/dev.tech-arrow.com\/de\/wp-json\/wp\/v2\/pages"}],"about":[{"href":"https:\/\/dev.tech-arrow.com\/de\/wp-json\/wp\/v2\/types\/page"}],"author":[{"embeddable":true,"href":"https:\/\/dev.tech-arrow.com\/de\/wp-json\/wp\/v2\/users\/4"}],"replies":[{"embeddable":true,"href":"https:\/\/dev.tech-arrow.com\/de\/wp-json\/wp\/v2\/comments?post=11791"}],"version-history":[{"count":3,"href":"https:\/\/dev.tech-arrow.com\/de\/wp-json\/wp\/v2\/pages\/11791\/revisions"}],"predecessor-version":[{"id":11808,"href":"https:\/\/dev.tech-arrow.com\/de\/wp-json\/wp\/v2\/pages\/11791\/revisions\/11808"}],"wp:attachment":[{"href":"https:\/\/dev.tech-arrow.com\/de\/wp-json\/wp\/v2\/media?parent=11791"}],"curies":[{"name":"wp","href":"https:\/\/api.w.org\/{rel}","templated":true}]}}