{"id":5442,"date":"2021-10-14T09:19:32","date_gmt":"2021-10-14T07:19:32","guid":{"rendered":"https:\/\/dev.tech-arrow.com\/?page_id=5442"},"modified":"2021-10-18T10:46:32","modified_gmt":"2021-10-18T08:46:32","slug":"officegate-version-3-1-details","status":"publish","type":"page","link":"https:\/\/dev.tech-arrow.com\/de\/officegate-version-3-1-details\/","title":{"rendered":"officeGATE Version 3.1 \u2013 details"},"content":{"rendered":"<p>Eine Liste aller Versionshinweise k\u00f6nnen Sie <a href=\"https:\/\/dev.tech-arrow.com\/de\/officegate-anmerkungen-zu-dieser-version\/\" rel=\"noopener\">hier<\/a> finden.<br \/>\nDie folgende Liste bietet Ihnen eine \u00dcbersicht \u00fcber die neuesten Verbesserungen die Ihnen von officeGATE 3.1 geboten werden:<\/p>\n<div style=\"border: 1px solid #dddddd; background-color: white; width: 94%; padding: 3%; margin-bottom: 20px;\">\n<strong>\u2713 Offline-Cache-Beschr\u00e4nkung f\u00fcr Datum und Gr\u00f6\u00dfe:<\/strong> \u00dcberf\u00fcllen Sie Ihre Festplatte nicht mit unn\u00f6tigen Dateien &#8211; begrenzen Sie den Speicherplatz f\u00fcr Offlinedateien und legen Sie den Alterungsfilter f\u00fcr Offlinedateien fest, die synchronisiert werden k\u00f6nnen. Dadurch wird Ihr officeGATE-Anwendung schneller und effektiver.<\/p>\n<p><center><img src=\"https:\/\/dev.tech-arrow.com\/wp-content\/uploads\/2018\/11\/Offline_oG_v2.png\" alt=\"\" width=\"50%\" \/><\/a><\/center><br \/>\n<\/br><\/p>\n<p><strong>\u2713<\/strong> <strong>Kontrolle \u00fcber angezeigte Schaltfl\u00e4chen:<\/strong> Jetzt k\u00f6nnen Sie die folgenden Schaltfl\u00e4chen deaktivieren &#8211; Bedienfeld einblenden \/ ausblenden, Freigeben mit contentACCESS und E-Mail-Archivschaltfl\u00e4chen (Archivieren, Wiederherstellen, Suchen). Das Anzeigen \/ Ausblenden-Bedienfeld kann nur vom Administrator in der Konfigurationsdatei deaktiviert werden. Andere Schaltfl\u00e4chen k\u00f6nnen auch von Benutzern verwaltet werden.<\/p>\n<p><strong>\u2713 Leistung beim SharePoint-Browsing:<\/strong> SharePoint-Server sind jetzt nur bei Bedarf verbunden. Die erste Ebene (Verbindung) wird jetzt zwischengespeichert, wenn der Benutzer zum ersten Mal eine Verbindung herstellt nach dem erfrischen!<\/p>\n<\/div>\n","protected":false},"excerpt":{"rendered":"<p>Eine Liste aller Versionshinweise k\u00f6nnen Sie hier finden. Die folgende Liste bietet Ihnen eine \u00dcbersicht \u00fcber die neuesten Verbesserungen die Ihnen von officeGATE 3.1 geboten werden: \u2713 Offline-Cache-Beschr\u00e4nkung f\u00fcr Datum und Gr\u00f6\u00dfe: \u00dcberf\u00fcllen Sie Ihre Festplatte nicht mit unn\u00f6tigen Dateien &#8211; begrenzen Sie den Speicherplatz f\u00fcr Offlinedateien und legen Sie den Alterungsfilter f\u00fcr Offlinedateien fest, [&hellip;]<\/p>\n","protected":false},"author":7,"featured_media":0,"parent":0,"menu_order":0,"comment_status":"closed","ping_status":"closed","template":"","meta":{"inline_featured_image":false},"acf":[],"yoast_head":"<!-- This site is optimized with the Yoast SEO plugin v20.1 - https:\/\/yoast.com\/wordpress\/plugins\/seo\/ -->\n<title>officeGATE Version 3.1 \u2013 details - TECH-ARROW<\/title>\n<meta name=\"robots\" content=\"index, follow, max-snippet:-1, max-image-preview:large, max-video-preview:-1\" \/>\n<link rel=\"canonical\" href=\"https:\/\/dev.tech-arrow.com\/de\/officegate-version-3-1-details\/\" \/>\n<meta property=\"og:locale\" content=\"de_DE\" \/>\n<meta property=\"og:type\" content=\"article\" \/>\n<meta property=\"og:title\" content=\"officeGATE Version 3.1 \u2013 details - TECH-ARROW\" \/>\n<meta property=\"og:description\" content=\"Eine Liste aller Versionshinweise k\u00f6nnen Sie hier finden. Die folgende Liste bietet Ihnen eine \u00dcbersicht \u00fcber die neuesten Verbesserungen die Ihnen von officeGATE 3.1 geboten werden: \u2713 Offline-Cache-Beschr\u00e4nkung f\u00fcr Datum und Gr\u00f6\u00dfe: \u00dcberf\u00fcllen Sie Ihre Festplatte nicht mit unn\u00f6tigen Dateien &#8211; begrenzen Sie den Speicherplatz f\u00fcr Offlinedateien und legen Sie den Alterungsfilter f\u00fcr Offlinedateien fest, [&hellip;]\" \/>\n<meta property=\"og:url\" content=\"https:\/\/dev.tech-arrow.com\/de\/officegate-version-3-1-details\/\" \/>\n<meta property=\"og:site_name\" content=\"TECH-ARROW\" \/>\n<meta property=\"article:publisher\" content=\"https:\/\/www.facebook.com\/thetecharrow\/?fref=ts\" \/>\n<meta property=\"article:modified_time\" content=\"2021-10-18T08:46:32+00:00\" \/>\n<meta property=\"og:image\" content=\"https:\/\/dev.tech-arrow.com\/wp-content\/uploads\/2018\/11\/Offline_oG_v2.png\" \/>\n<meta name=\"twitter:card\" content=\"summary_large_image\" \/>\n<script type=\"application\/ld+json\" class=\"yoast-schema-graph\">{\"@context\":\"https:\/\/schema.org\",\"@graph\":[{\"@type\":\"WebPage\",\"@id\":\"https:\/\/dev.tech-arrow.com\/de\/officegate-version-3-1-details\/\",\"url\":\"https:\/\/dev.tech-arrow.com\/de\/officegate-version-3-1-details\/\",\"name\":\"officeGATE Version 3.1 \u2013 details - TECH-ARROW\",\"isPartOf\":{\"@id\":\"https:\/\/dev.tech-arrow.com\/#website\"},\"datePublished\":\"2021-10-14T07:19:32+00:00\",\"dateModified\":\"2021-10-18T08:46:32+00:00\",\"breadcrumb\":{\"@id\":\"https:\/\/dev.tech-arrow.com\/de\/officegate-version-3-1-details\/#breadcrumb\"},\"inLanguage\":\"de-DE\",\"potentialAction\":[{\"@type\":\"ReadAction\",\"target\":[\"https:\/\/dev.tech-arrow.com\/de\/officegate-version-3-1-details\/\"]}]},{\"@type\":\"BreadcrumbList\",\"@id\":\"https:\/\/dev.tech-arrow.com\/de\/officegate-version-3-1-details\/#breadcrumb\",\"itemListElement\":[{\"@type\":\"ListItem\",\"position\":1,\"name\":\"Home\",\"item\":\"https:\/\/dev.tech-arrow.com\/de\/\"},{\"@type\":\"ListItem\",\"position\":2,\"name\":\"officeGATE Version 3.1 \u2013 details\"}]},{\"@type\":\"WebSite\",\"@id\":\"https:\/\/dev.tech-arrow.com\/#website\",\"url\":\"https:\/\/dev.tech-arrow.com\/\",\"name\":\"TECH-ARROW\",\"description\":\"\",\"publisher\":{\"@id\":\"https:\/\/dev.tech-arrow.com\/#organization\"},\"potentialAction\":[{\"@type\":\"SearchAction\",\"target\":{\"@type\":\"EntryPoint\",\"urlTemplate\":\"https:\/\/dev.tech-arrow.com\/?s={search_term_string}\"},\"query-input\":\"required name=search_term_string\"}],\"inLanguage\":\"de-DE\"},{\"@type\":\"Organization\",\"@id\":\"https:\/\/dev.tech-arrow.com\/#organization\",\"name\":\"TECH-ARROW, GmbH.\",\"url\":\"https:\/\/dev.tech-arrow.com\/\",\"logo\":{\"@type\":\"ImageObject\",\"inLanguage\":\"de-DE\",\"@id\":\"https:\/\/dev.tech-arrow.com\/#\/schema\/logo\/image\/\",\"url\":\"https:\/\/dev.tech-arrow.com\/wp-content\/uploads\/2017\/04\/techarrow-logo-481x97.png\",\"contentUrl\":\"https:\/\/dev.tech-arrow.com\/wp-content\/uploads\/2017\/04\/techarrow-logo-481x97.png\",\"width\":481,\"height\":97,\"caption\":\"TECH-ARROW, GmbH.\"},\"image\":{\"@id\":\"https:\/\/dev.tech-arrow.com\/#\/schema\/logo\/image\/\"},\"sameAs\":[\"https:\/\/www.facebook.com\/thetecharrow\/?fref=ts\",\"https:\/\/www.linkedin.com\/company\/techarrow\",\"https:\/\/www.youtube.com\/user\/thetecharrow\"]}]}<\/script>\n<!-- \/ Yoast SEO plugin. -->","yoast_head_json":{"title":"officeGATE Version 3.1 \u2013 details - TECH-ARROW","robots":{"index":"index","follow":"follow","max-snippet":"max-snippet:-1","max-image-preview":"max-image-preview:large","max-video-preview":"max-video-preview:-1"},"canonical":"https:\/\/dev.tech-arrow.com\/de\/officegate-version-3-1-details\/","og_locale":"de_DE","og_type":"article","og_title":"officeGATE Version 3.1 \u2013 details - TECH-ARROW","og_description":"Eine Liste aller Versionshinweise k\u00f6nnen Sie hier finden. Die folgende Liste bietet Ihnen eine \u00dcbersicht \u00fcber die neuesten Verbesserungen die Ihnen von officeGATE 3.1 geboten werden: \u2713 Offline-Cache-Beschr\u00e4nkung f\u00fcr Datum und Gr\u00f6\u00dfe: \u00dcberf\u00fcllen Sie Ihre Festplatte nicht mit unn\u00f6tigen Dateien &#8211; begrenzen Sie den Speicherplatz f\u00fcr Offlinedateien und legen Sie den Alterungsfilter f\u00fcr Offlinedateien fest, [&hellip;]","og_url":"https:\/\/dev.tech-arrow.com\/de\/officegate-version-3-1-details\/","og_site_name":"TECH-ARROW","article_publisher":"https:\/\/www.facebook.com\/thetecharrow\/?fref=ts","article_modified_time":"2021-10-18T08:46:32+00:00","og_image":[{"url":"https:\/\/dev.tech-arrow.com\/wp-content\/uploads\/2018\/11\/Offline_oG_v2.png"}],"twitter_card":"summary_large_image","schema":{"@context":"https:\/\/schema.org","@graph":[{"@type":"WebPage","@id":"https:\/\/dev.tech-arrow.com\/de\/officegate-version-3-1-details\/","url":"https:\/\/dev.tech-arrow.com\/de\/officegate-version-3-1-details\/","name":"officeGATE Version 3.1 \u2013 details - TECH-ARROW","isPartOf":{"@id":"https:\/\/dev.tech-arrow.com\/#website"},"datePublished":"2021-10-14T07:19:32+00:00","dateModified":"2021-10-18T08:46:32+00:00","breadcrumb":{"@id":"https:\/\/dev.tech-arrow.com\/de\/officegate-version-3-1-details\/#breadcrumb"},"inLanguage":"de-DE","potentialAction":[{"@type":"ReadAction","target":["https:\/\/dev.tech-arrow.com\/de\/officegate-version-3-1-details\/"]}]},{"@type":"BreadcrumbList","@id":"https:\/\/dev.tech-arrow.com\/de\/officegate-version-3-1-details\/#breadcrumb","itemListElement":[{"@type":"ListItem","position":1,"name":"Home","item":"https:\/\/dev.tech-arrow.com\/de\/"},{"@type":"ListItem","position":2,"name":"officeGATE Version 3.1 \u2013 details"}]},{"@type":"WebSite","@id":"https:\/\/dev.tech-arrow.com\/#website","url":"https:\/\/dev.tech-arrow.com\/","name":"TECH-ARROW","description":"","publisher":{"@id":"https:\/\/dev.tech-arrow.com\/#organization"},"potentialAction":[{"@type":"SearchAction","target":{"@type":"EntryPoint","urlTemplate":"https:\/\/dev.tech-arrow.com\/?s={search_term_string}"},"query-input":"required name=search_term_string"}],"inLanguage":"de-DE"},{"@type":"Organization","@id":"https:\/\/dev.tech-arrow.com\/#organization","name":"TECH-ARROW, GmbH.","url":"https:\/\/dev.tech-arrow.com\/","logo":{"@type":"ImageObject","inLanguage":"de-DE","@id":"https:\/\/dev.tech-arrow.com\/#\/schema\/logo\/image\/","url":"https:\/\/dev.tech-arrow.com\/wp-content\/uploads\/2017\/04\/techarrow-logo-481x97.png","contentUrl":"https:\/\/dev.tech-arrow.com\/wp-content\/uploads\/2017\/04\/techarrow-logo-481x97.png","width":481,"height":97,"caption":"TECH-ARROW, GmbH."},"image":{"@id":"https:\/\/dev.tech-arrow.com\/#\/schema\/logo\/image\/"},"sameAs":["https:\/\/www.facebook.com\/thetecharrow\/?fref=ts","https:\/\/www.linkedin.com\/company\/techarrow","https:\/\/www.youtube.com\/user\/thetecharrow"]}]}},"_links":{"self":[{"href":"https:\/\/dev.tech-arrow.com\/de\/wp-json\/wp\/v2\/pages\/5442"}],"collection":[{"href":"https:\/\/dev.tech-arrow.com\/de\/wp-json\/wp\/v2\/pages"}],"about":[{"href":"https:\/\/dev.tech-arrow.com\/de\/wp-json\/wp\/v2\/types\/page"}],"author":[{"embeddable":true,"href":"https:\/\/dev.tech-arrow.com\/de\/wp-json\/wp\/v2\/users\/7"}],"replies":[{"embeddable":true,"href":"https:\/\/dev.tech-arrow.com\/de\/wp-json\/wp\/v2\/comments?post=5442"}],"version-history":[{"count":3,"href":"https:\/\/dev.tech-arrow.com\/de\/wp-json\/wp\/v2\/pages\/5442\/revisions"}],"predecessor-version":[{"id":6265,"href":"https:\/\/dev.tech-arrow.com\/de\/wp-json\/wp\/v2\/pages\/5442\/revisions\/6265"}],"wp:attachment":[{"href":"https:\/\/dev.tech-arrow.com\/de\/wp-json\/wp\/v2\/media?parent=5442"}],"curies":[{"name":"wp","href":"https:\/\/api.w.org\/{rel}","templated":true}]}}