{"id":8757,"date":"2022-06-09T00:31:54","date_gmt":"2022-06-08T22:31:54","guid":{"rendered":"https:\/\/dev.tech-arrow.com\/?page_id=8757"},"modified":"2022-06-09T00:31:54","modified_gmt":"2022-06-08T22:31:54","slug":"officegate-version-5-3-details","status":"publish","type":"page","link":"https:\/\/dev.tech-arrow.com\/de\/officegate-version-5-3-details\/","title":{"rendered":"officeGATE version 5.3 details"},"content":{"rendered":"<p>Eine Liste aller Versionshinweise k\u00f6nnen Sie <a href=\"https:\/\/dev.tech-arrow.com\/de\/officegate-anmerkungen-zu-dieser-version\/\" rel=\"noopener noreferrer\" >hier<\/a> finden.<br \/>\nDie folgende Liste bietet Ihnen eine \u00dcbersicht \u00fcber die neuesten Verbesserungen die Ihnen von officeGATE 5.3 geboten werden:<\/p>\n<div style=\"border: 1px solid #ddd; background-color: white; width: 94%; padding: 3%; margin-bottom: 20px;\">\n<h3 style=\"color: red; padding-top: 0px;\">Allgemein<\/h3>\n<p><!--more--><br \/>\n<strong>\u2713 TECH-ARROW Store-Integration<\/strong><\/p>\n<p style=\"text-align: justify;\">Letztes Jahr haben wir unseren TECH-ARROW Store erfolgreich gelauncht. Es bietet Self-Service zum Kauf unserer Produkte. Jetzt ist officeGATE auch mit TECH-ARROW Store integriert. Diese neue Version von officeGATE benachrichtigt Sie \u00fcber das Ablaufdatum des Abonnements und Sie k\u00f6nnen Ihre Abonnementverwaltungsseite direkt von officeGATE aus \u00f6ffnen.<\/p>\n<p><img class=\"size-medium wp-image-7969 aligncenter\" src=\"https:\/\/dev.tech-arrow.com\/wp-content\/uploads\/2022\/06\/og-store-integration01.png\" alt=\"TECH-ARROW Store integration into officeGATE\" width=\"1920\" \/><\/p>\n<p><!--more--><br \/>\n<strong>\u2713 Leistungs- und Stabilit\u00e4tsverbesserungen<\/strong><\/p>\n<p style=\"text-align: justify;\">Es wurden Verbesserungen vorgenommen, um das System schneller und stabiler zu machen, sodass die gesamte officeGATE-Erfahrung jetzt noch besser ist.<\/p>\n<\/div>\n","protected":false},"excerpt":{"rendered":"<p>Eine Liste aller Versionshinweise k\u00f6nnen Sie hier finden. Die folgende Liste bietet Ihnen eine \u00dcbersicht \u00fcber die neuesten Verbesserungen die Ihnen von officeGATE 5.3 geboten werden: Allgemein<\/p>\n","protected":false},"author":4,"featured_media":0,"parent":0,"menu_order":0,"comment_status":"closed","ping_status":"closed","template":"","meta":{"inline_featured_image":false},"acf":[],"yoast_head":"<!-- This site is optimized with the Yoast SEO plugin v20.1 - https:\/\/yoast.com\/wordpress\/plugins\/seo\/ -->\n<title>officeGATE version 5.3 details - TECH-ARROW<\/title>\n<meta name=\"robots\" content=\"index, follow, max-snippet:-1, max-image-preview:large, max-video-preview:-1\" \/>\n<link rel=\"canonical\" href=\"https:\/\/dev.tech-arrow.com\/de\/officegate-version-5-3-details\/\" \/>\n<meta property=\"og:locale\" content=\"de_DE\" \/>\n<meta property=\"og:type\" content=\"article\" \/>\n<meta property=\"og:title\" content=\"officeGATE version 5.3 details - TECH-ARROW\" \/>\n<meta property=\"og:description\" content=\"Eine Liste aller Versionshinweise k\u00f6nnen Sie hier finden. Die folgende Liste bietet Ihnen eine \u00dcbersicht \u00fcber die neuesten Verbesserungen die Ihnen von officeGATE 5.3 geboten werden: Allgemein\" \/>\n<meta property=\"og:url\" content=\"https:\/\/dev.tech-arrow.com\/de\/officegate-version-5-3-details\/\" \/>\n<meta property=\"og:site_name\" content=\"TECH-ARROW\" \/>\n<meta property=\"article:publisher\" content=\"https:\/\/www.facebook.com\/thetecharrow\/?fref=ts\" \/>\n<meta property=\"og:image\" content=\"https:\/\/dev.tech-arrow.com\/wp-content\/uploads\/2022\/06\/og-store-integration01.png\" \/>\n<meta name=\"twitter:card\" content=\"summary_large_image\" \/>\n<script type=\"application\/ld+json\" class=\"yoast-schema-graph\">{\"@context\":\"https:\/\/schema.org\",\"@graph\":[{\"@type\":\"WebPage\",\"@id\":\"https:\/\/dev.tech-arrow.com\/de\/officegate-version-5-3-details\/\",\"url\":\"https:\/\/dev.tech-arrow.com\/de\/officegate-version-5-3-details\/\",\"name\":\"officeGATE version 5.3 details - TECH-ARROW\",\"isPartOf\":{\"@id\":\"https:\/\/dev.tech-arrow.com\/#website\"},\"datePublished\":\"2022-06-08T22:31:54+00:00\",\"dateModified\":\"2022-06-08T22:31:54+00:00\",\"breadcrumb\":{\"@id\":\"https:\/\/dev.tech-arrow.com\/de\/officegate-version-5-3-details\/#breadcrumb\"},\"inLanguage\":\"de-DE\",\"potentialAction\":[{\"@type\":\"ReadAction\",\"target\":[\"https:\/\/dev.tech-arrow.com\/de\/officegate-version-5-3-details\/\"]}]},{\"@type\":\"BreadcrumbList\",\"@id\":\"https:\/\/dev.tech-arrow.com\/de\/officegate-version-5-3-details\/#breadcrumb\",\"itemListElement\":[{\"@type\":\"ListItem\",\"position\":1,\"name\":\"Home\",\"item\":\"https:\/\/dev.tech-arrow.com\/de\/\"},{\"@type\":\"ListItem\",\"position\":2,\"name\":\"officeGATE version 5.3 details\"}]},{\"@type\":\"WebSite\",\"@id\":\"https:\/\/dev.tech-arrow.com\/#website\",\"url\":\"https:\/\/dev.tech-arrow.com\/\",\"name\":\"TECH-ARROW\",\"description\":\"\",\"publisher\":{\"@id\":\"https:\/\/dev.tech-arrow.com\/#organization\"},\"potentialAction\":[{\"@type\":\"SearchAction\",\"target\":{\"@type\":\"EntryPoint\",\"urlTemplate\":\"https:\/\/dev.tech-arrow.com\/?s={search_term_string}\"},\"query-input\":\"required name=search_term_string\"}],\"inLanguage\":\"de-DE\"},{\"@type\":\"Organization\",\"@id\":\"https:\/\/dev.tech-arrow.com\/#organization\",\"name\":\"TECH-ARROW, GmbH.\",\"url\":\"https:\/\/dev.tech-arrow.com\/\",\"logo\":{\"@type\":\"ImageObject\",\"inLanguage\":\"de-DE\",\"@id\":\"https:\/\/dev.tech-arrow.com\/#\/schema\/logo\/image\/\",\"url\":\"https:\/\/dev.tech-arrow.com\/wp-content\/uploads\/2017\/04\/techarrow-logo-481x97.png\",\"contentUrl\":\"https:\/\/dev.tech-arrow.com\/wp-content\/uploads\/2017\/04\/techarrow-logo-481x97.png\",\"width\":481,\"height\":97,\"caption\":\"TECH-ARROW, GmbH.\"},\"image\":{\"@id\":\"https:\/\/dev.tech-arrow.com\/#\/schema\/logo\/image\/\"},\"sameAs\":[\"https:\/\/www.facebook.com\/thetecharrow\/?fref=ts\",\"https:\/\/www.linkedin.com\/company\/techarrow\",\"https:\/\/www.youtube.com\/user\/thetecharrow\"]}]}<\/script>\n<!-- \/ Yoast SEO plugin. -->","yoast_head_json":{"title":"officeGATE version 5.3 details - TECH-ARROW","robots":{"index":"index","follow":"follow","max-snippet":"max-snippet:-1","max-image-preview":"max-image-preview:large","max-video-preview":"max-video-preview:-1"},"canonical":"https:\/\/dev.tech-arrow.com\/de\/officegate-version-5-3-details\/","og_locale":"de_DE","og_type":"article","og_title":"officeGATE version 5.3 details - TECH-ARROW","og_description":"Eine Liste aller Versionshinweise k\u00f6nnen Sie hier finden. Die folgende Liste bietet Ihnen eine \u00dcbersicht \u00fcber die neuesten Verbesserungen die Ihnen von officeGATE 5.3 geboten werden: Allgemein","og_url":"https:\/\/dev.tech-arrow.com\/de\/officegate-version-5-3-details\/","og_site_name":"TECH-ARROW","article_publisher":"https:\/\/www.facebook.com\/thetecharrow\/?fref=ts","og_image":[{"url":"https:\/\/dev.tech-arrow.com\/wp-content\/uploads\/2022\/06\/og-store-integration01.png"}],"twitter_card":"summary_large_image","schema":{"@context":"https:\/\/schema.org","@graph":[{"@type":"WebPage","@id":"https:\/\/dev.tech-arrow.com\/de\/officegate-version-5-3-details\/","url":"https:\/\/dev.tech-arrow.com\/de\/officegate-version-5-3-details\/","name":"officeGATE version 5.3 details - TECH-ARROW","isPartOf":{"@id":"https:\/\/dev.tech-arrow.com\/#website"},"datePublished":"2022-06-08T22:31:54+00:00","dateModified":"2022-06-08T22:31:54+00:00","breadcrumb":{"@id":"https:\/\/dev.tech-arrow.com\/de\/officegate-version-5-3-details\/#breadcrumb"},"inLanguage":"de-DE","potentialAction":[{"@type":"ReadAction","target":["https:\/\/dev.tech-arrow.com\/de\/officegate-version-5-3-details\/"]}]},{"@type":"BreadcrumbList","@id":"https:\/\/dev.tech-arrow.com\/de\/officegate-version-5-3-details\/#breadcrumb","itemListElement":[{"@type":"ListItem","position":1,"name":"Home","item":"https:\/\/dev.tech-arrow.com\/de\/"},{"@type":"ListItem","position":2,"name":"officeGATE version 5.3 details"}]},{"@type":"WebSite","@id":"https:\/\/dev.tech-arrow.com\/#website","url":"https:\/\/dev.tech-arrow.com\/","name":"TECH-ARROW","description":"","publisher":{"@id":"https:\/\/dev.tech-arrow.com\/#organization"},"potentialAction":[{"@type":"SearchAction","target":{"@type":"EntryPoint","urlTemplate":"https:\/\/dev.tech-arrow.com\/?s={search_term_string}"},"query-input":"required name=search_term_string"}],"inLanguage":"de-DE"},{"@type":"Organization","@id":"https:\/\/dev.tech-arrow.com\/#organization","name":"TECH-ARROW, GmbH.","url":"https:\/\/dev.tech-arrow.com\/","logo":{"@type":"ImageObject","inLanguage":"de-DE","@id":"https:\/\/dev.tech-arrow.com\/#\/schema\/logo\/image\/","url":"https:\/\/dev.tech-arrow.com\/wp-content\/uploads\/2017\/04\/techarrow-logo-481x97.png","contentUrl":"https:\/\/dev.tech-arrow.com\/wp-content\/uploads\/2017\/04\/techarrow-logo-481x97.png","width":481,"height":97,"caption":"TECH-ARROW, GmbH."},"image":{"@id":"https:\/\/dev.tech-arrow.com\/#\/schema\/logo\/image\/"},"sameAs":["https:\/\/www.facebook.com\/thetecharrow\/?fref=ts","https:\/\/www.linkedin.com\/company\/techarrow","https:\/\/www.youtube.com\/user\/thetecharrow"]}]}},"_links":{"self":[{"href":"https:\/\/dev.tech-arrow.com\/de\/wp-json\/wp\/v2\/pages\/8757"}],"collection":[{"href":"https:\/\/dev.tech-arrow.com\/de\/wp-json\/wp\/v2\/pages"}],"about":[{"href":"https:\/\/dev.tech-arrow.com\/de\/wp-json\/wp\/v2\/types\/page"}],"author":[{"embeddable":true,"href":"https:\/\/dev.tech-arrow.com\/de\/wp-json\/wp\/v2\/users\/4"}],"replies":[{"embeddable":true,"href":"https:\/\/dev.tech-arrow.com\/de\/wp-json\/wp\/v2\/comments?post=8757"}],"version-history":[{"count":1,"href":"https:\/\/dev.tech-arrow.com\/de\/wp-json\/wp\/v2\/pages\/8757\/revisions"}],"predecessor-version":[{"id":8761,"href":"https:\/\/dev.tech-arrow.com\/de\/wp-json\/wp\/v2\/pages\/8757\/revisions\/8761"}],"wp:attachment":[{"href":"https:\/\/dev.tech-arrow.com\/de\/wp-json\/wp\/v2\/media?parent=8757"}],"curies":[{"name":"wp","href":"https:\/\/api.w.org\/{rel}","templated":true}]}}